{"id":1162,"date":"2020-10-28T15:59:47","date_gmt":"2020-10-28T15:59:47","guid":{"rendered":"https:\/\/madeirasimportadas.com\/decks-and-facades\/"},"modified":"2020-10-28T15:59:47","modified_gmt":"2020-10-28T15:59:47","slug":"decks-and-facades","status":"publish","type":"page","link":"https:\/\/madeirasimportadas.com\/en\/decks-and-facades\/","title":{"rendered":"Decks and Fa\u00e7ades"},"content":{"rendered":"<p><section class=\"kc-elm kc-css-784632 kc_row\"><div class=\"kc-row-container\"><div class=\"kc-wrap-columns\"><div class=\"kc-elm kc-css-859423 kc_col-sm-1 kc_column kc_col-sm-1\"><div class=\"kc-col-container\"><\/div><\/div><div class=\"kc-elm kc-css-32925 kc_col-sm-2 kc_column kc_col-sm-2 bbd-services-sidebar\"><div class=\"kc-col-container\">\n\t\t\t\t\t\t<div class=\"sidebar-shortcode cs-6\" role=\"complementary\">\n\t\t\t\t\t\t\t<div class=\"sidebar-shortcode-content\">\n\t\t\t\t\t\t\t\t\t\t\n        <!--Blog Category Widget-->\n        <div class=\"sidebar-blog-category\">\n            <ul class=\"blog-cat\">\n                        \n           \t<!-- Title -->\n                        <li class=\"active\"><a href=\"https:\/\/madeirasimportadas.com\/en\/girders-and-beams\/\">Girders and Beams<\/a><\/li>\n                        <li class=\"\"><a href=\"https:\/\/madeirasimportadas.com\/en\/laths-and-battens\/\">Laths and Battens<\/a><\/li>\n                        <li class=\"\"><a href=\"https:\/\/madeirasimportadas.com\/en\/planks-and-boards\/\">Planks and Boards<\/a><\/li>\n                        <li class=\"\"><a href=\"https:\/\/madeirasimportadas.com\/en\/linings\/\">Linings<\/a><\/li>\n                        <li class=\"\"><a href=\"https:\/\/madeirasimportadas.com\/en\/wooden-floors\/\">Wooden Floors<\/a><\/li>\n                        <li class=\"\"><a href=\"https:\/\/madeirasimportadas.com\/en\/plaque\/\">Plaque<\/a><\/li>\n                        <li class=\"\"><a href=\"https:\/\/madeirasimportadas.com\/en\/insulation\/\">Insulation<\/a><\/li>\n                        <li class=\"\"><a href=\"https:\/\/madeirasimportadas.com\/en\/decks-and-facades\/\">Decks and Fa\u00e7ades<\/a><\/li>\n                        <li class=\"\"><a href=\"https:\/\/madeirasimportadas.com\/en\/hardware\/\">Hardware<\/a><\/li>\n                        <li class=\"\"><a href=\"https:\/\/madeirasimportadas.com\/en\/paints\/\">Paints<\/a><\/li>\n                            \n                    <\/ul>\n        <\/div>\n\t\t\n        \n\t\t\t\t\t\t\t<\/div>\n\t\t\t\t\t\t<\/div>\n\t\t\t\t\t<\/div><\/div><div class=\"kc-elm kc-css-385992 kc_col-sm-8 kc_column kc_col-sm-8 bbd-service-center\"><div class=\"kc-col-container\"><div class=\"kc-elm kc-css-114444\">\n\t<div class=\"kc-carousel_images kc-elm kc-css-114444\">\n\t\n\t\t<div class=\"kc-carousel-images owl-carousel-images kc-sync1  owl-nav-arrow\" data-owl-i-options='{\"items\":\"1\",\"tablet\":\"1\",\"mobile\":\"1\",\"speed\":\"500\",\"navigation\":\"yes\",\"pagination\":\"yes\",\"autoheight\":\"\",\"progressbar\":\"\",\"delay\":\"8\",\"autoplay\":\"yes\",\"showthumb\":\"\",\"num_thumb\":\"5\"}'>\n\t\n\t\t\t\t\t<div class=\"item\">\n\t\n\t\t\t\t\t\t\t<img decoding=\"async\" src=\"https:\/\/madeirasimportadas.com\/wp-content\/uploads\/2020\/07\/deck.jpg\"  alt=\"\"\/>\n\t\n\t\t\t\t\n\t\t\t<\/div>\n\t\n\t\t\t\n\t\t<\/div>\n\t\n\t\t\t<\/div>\n<\/div>\n<div class=\"kc-elm kc-css-684569\" style=\"height: 0px; clear: both; width:100%;\"><\/div>\n<div class=\"kc-elm kc-css-170700 kc-title-wrap \">\n\n\t<h2 class=\"kc_title\">Decks and Fa\u00e7ades<\/h2>\n<\/div>\n<div class=\"kc-elm kc-css-983652\" style=\"height: 25px; clear: both; width:100%;\"><\/div><div class=\"kc-elm kc-css-948789 kc_text_block\"><\/p>\n<p>Woods to customize, qualify and enhance your exterior spaces.<\/p>\n<p>Available in several types of wood.<\/p>\n<p>\n<\/div><div class=\"kc-elm kc-css-213155\" style=\"height: 25px; clear: both; width:100%;\"><\/div><div class=\"kc-elm kc-css-492408 kc_row kc_row_inner bbd-tabelas-header\"><div class=\"kc-elm kc-css-586730 kc_col-sm-12 kc_column_inner kc_col-sm-12\"><div class=\"kc_wrapper kc-col-inner-container\">\n<div class=\"kc-elm kc-css-675440 kc-title-wrap \">\n\n\t<h4 class=\"kc_title\">Decks and Fa\u00e7ades<\/h4>\n<\/div>\n<\/div><\/div><\/div><div class=\"kc-elm kc-css-932721 kc_row kc_row_inner bbd-tabelas\"><div class=\"kc-elm kc-css-682643 kc_col-sm-6 kc_column_inner kc_col-sm-6\"><div class=\"kc_wrapper kc-col-inner-container\">\n<div class=\"kc-elm kc-css-655178 kc-title-wrap \">\n\n\t<h6 class=\"kc_title\">Material<\/h6>\n<\/div>\n<\/div><\/div><div class=\"kc-elm kc-css-937683 kc_col-sm-6 kc_column_inner kc_col-sm-6\"><div class=\"kc_wrapper kc-col-inner-container\">\n<div class=\"kc-elm kc-css-84546 kc-title-wrap \">\n\n\t<h6 class=\"kc_title\">Thickness \/ Width<\/h6>\n<\/div>\n<\/div><\/div><\/div><div class=\"kc-elm kc-css-19264 kc_row kc_row_inner bbd-tabelas\"><div class=\"kc-elm kc-css-232970 kc_col-sm-6 kc_column_inner kc_col-sm-6\"><div class=\"kc_wrapper kc-col-inner-container\"><div class=\"kc-elm kc-css-816684 kc_text_block\"><\/p>\n<p style=\"text-align: left;\">&#8211; Grooved Riga Pine Deck<\/p>\n<p>\n<\/div><\/div><\/div><div class=\"kc-elm kc-css-193955 kc_col-sm-6 kc_column_inner kc_col-sm-6\"><div class=\"kc_wrapper kc-col-inner-container\"><div class=\"kc-elm kc-css-616243 kc_text_block\"><\/p>\n<p style=\"text-align: left;\">24x140mm<\/p>\n<p style=\"text-align: left;\">28x140mm<\/p>\n<p>\n<\/div><\/div><\/div><\/div><div class=\"kc-elm kc-css-725163 kc_row kc_row_inner bbd-tabelas\"><div class=\"kc-elm kc-css-223311 kc_col-sm-6 kc_column_inner kc_col-sm-6\"><div class=\"kc_wrapper kc-col-inner-container\"><div class=\"kc-elm kc-css-983916 kc_text_block\"><\/p>\n<p style=\"text-align: left;\">-Smooth or Grooved Thermally Treated Pine Deck<\/p>\n<p>\n<\/div><\/div><\/div><div class=\"kc-elm kc-css-581841 kc_col-sm-6 kc_column_inner kc_col-sm-6\"><div class=\"kc_wrapper kc-col-inner-container\"><div class=\"kc-elm kc-css-517535 kc_text_block\"><\/p>\n<p style=\"text-align: left;\">A\/B 26x115mm<\/p>\n<p style=\"text-align: left;\">A\/B 26x140mm<\/p>\n<p style=\"text-align: left;\">B\/C 26x140mm<\/p>\n<p>\n<\/div><\/div><\/div><\/div><div class=\"kc-elm kc-css-550497 kc_row kc_row_inner bbd-tabelas\"><div class=\"kc-elm kc-css-695069 kc_col-sm-6 kc_column_inner kc_col-sm-6\"><div class=\"kc_wrapper kc-col-inner-container\"><div class=\"kc-elm kc-css-766382 kc_text_block\"><\/p>\n<p style=\"text-align: left;\">&#8211; Smooth or Grooved Treated in Autoclave Red Pine Deck<\/p>\n<p>\n<\/div><\/div><\/div><div class=\"kc-elm kc-css-355047 kc_col-sm-6 kc_column_inner kc_col-sm-6\"><div class=\"kc_wrapper kc-col-inner-container\"><div class=\"kc-elm kc-css-862739 kc_text_block\"><\/p>\n<p style=\"text-align: left;\">C3 28x120mm<\/p>\n<p style=\"text-align: left;\">(green)<\/p>\n<p>\n<\/div><\/div><\/div><\/div><div class=\"kc-elm kc-css-339349 kc_row kc_row_inner bbd-tabelas-m\"><div class=\"kc-elm kc-css-259427 kc_col-sm-12 kc_column_inner kc_col-sm-12\"><div class=\"kc_wrapper kc-col-inner-container\"><div class=\"kc-elm kc-css-407425 kc_row kc_row_inner\"><div class=\"kc-elm kc-css-782463 kc_col-sm-6 kc_column_inner kc_col-sm-6\"><div class=\"kc_wrapper kc-col-inner-container\">\n<div class=\"kc-elm kc-css-394501 kc-title-wrap \">\n\n\t<h6 class=\"kc_title\">Material<\/h6>\n<\/div>\n<\/div><\/div><div class=\"kc-elm kc-css-270391 kc_col-sm-6 kc_column_inner kc_col-sm-6\"><div class=\"kc_wrapper kc-col-inner-container\"><div class=\"kc-elm kc-css-858715 kc_text_block\"><\/p>\n<p style=\"text-align: left;\">&#8211; Grooved Riga Pine Deck<\/p>\n<p>\n<\/div><\/div><\/div><\/div><div class=\"kc-elm kc-css-650829 kc_row kc_row_inner\"><div class=\"kc-elm kc-css-55469 kc_col-sm-6 kc_column_inner kc_col-sm-6\"><div class=\"kc_wrapper kc-col-inner-container\">\n<div class=\"kc-elm kc-css-133388 kc-title-wrap \">\n\n\t<h6 class=\"kc_title\">Thickness \/ Width<\/h6>\n<\/div>\n<\/div><\/div><div class=\"kc-elm kc-css-34863 kc_col-sm-6 kc_column_inner kc_col-sm-6\"><div class=\"kc_wrapper kc-col-inner-container\"><div class=\"kc-elm kc-css-138589 kc_text_block\"><\/p>\n<p style=\"text-align: left;\">24x140mm<\/p>\n<p style=\"text-align: left;\">28x140mm<\/p>\n<p>\n<\/div><\/div><\/div><\/div><div class=\"kc-elm kc-css-86506 kc_row kc_row_inner\"><div class=\"kc-elm kc-css-64205 kc_col-sm-6 kc_column_inner kc_col-sm-6\"><div class=\"kc_wrapper kc-col-inner-container\">\n<div class=\"kc-elm kc-css-424393 kc-title-wrap \">\n\n\t<h6 class=\"kc_title\">Material<\/h6>\n<\/div>\n<\/div><\/div><div class=\"kc-elm kc-css-68612 kc_col-sm-6 kc_column_inner kc_col-sm-6\"><div class=\"kc_wrapper kc-col-inner-container\"><div class=\"kc-elm kc-css-914838 kc_text_block\"><\/p>\n<p style=\"text-align: left;\">&#8211; Smooth or Grooved Thermally Treated Pine Deck<\/p>\n<p>\n<\/div><\/div><\/div><\/div><div class=\"kc-elm kc-css-821468 kc_row kc_row_inner\"><div class=\"kc-elm kc-css-887327 kc_col-sm-6 kc_column_inner kc_col-sm-6\"><div class=\"kc_wrapper kc-col-inner-container\">\n<div class=\"kc-elm kc-css-669685 kc-title-wrap \">\n\n\t<h6 class=\"kc_title\">Thickness \/ Width<\/h6>\n<\/div>\n<\/div><\/div><div class=\"kc-elm kc-css-191294 kc_col-sm-6 kc_column_inner kc_col-sm-6\"><div class=\"kc_wrapper kc-col-inner-container\"><div class=\"kc-elm kc-css-281187 kc_text_block\"><\/p>\n<p>\nA\/B 26x115mm<\/p>\n<p>A\/B 26x140mm<\/p>\n<p>B\/C 26x140mm<\/p>\n<p>\n<\/div><\/div><\/div><\/div><div class=\"kc-elm kc-css-372405 kc_row kc_row_inner\"><div class=\"kc-elm kc-css-11792 kc_col-sm-6 kc_column_inner kc_col-sm-6\"><div class=\"kc_wrapper kc-col-inner-container\">\n<div class=\"kc-elm kc-css-600904 kc-title-wrap \">\n\n\t<h6 class=\"kc_title\">Material<\/h6>\n<\/div>\n<\/div><\/div><div class=\"kc-elm kc-css-679529 kc_col-sm-6 kc_column_inner kc_col-sm-6\"><div class=\"kc_wrapper kc-col-inner-container\"><div class=\"kc-elm kc-css-305854 kc_text_block\"><\/p>\n<p style=\"text-align: left;\">&#8211; Smooth or Grooved Treated in Autoclave Red Pine Deck<\/p>\n<p>\n<\/div><\/div><\/div><\/div><div class=\"kc-elm kc-css-931412 kc_row kc_row_inner\"><div class=\"kc-elm kc-css-975592 kc_col-sm-6 kc_column_inner kc_col-sm-6\"><div class=\"kc_wrapper kc-col-inner-container\">\n<div class=\"kc-elm kc-css-727825 kc-title-wrap \">\n\n\t<h6 class=\"kc_title\">Thickness \/ Width<\/h6>\n<\/div>\n<\/div><\/div><div class=\"kc-elm kc-css-934951 kc_col-sm-6 kc_column_inner kc_col-sm-6\"><div class=\"kc_wrapper kc-col-inner-container\"><div class=\"kc-elm kc-css-480523 kc_text_block\"><\/p>\n<p style=\"text-align: left;\">C3 28x120mm<\/p>\n<p style=\"text-align: left;\">(green)<\/p>\n<p>\n<\/div><\/div><\/div><\/div><\/div><\/div><\/div><div class=\"kc-elm kc-css-528102 kc_row kc_row_inner\"><div class=\"kc-elm kc-css-148809 kc_col-sm-12 kc_column_inner kc_col-sm-12\"><div class=\"kc_wrapper kc-col-inner-container\">\n<div class=\"kc-elm kc-css-841226 kc-title-wrap \">\n\n\t<h4 class=\"kc_title\"><a href=\"https:\/\/madeirasimportadas.com\/en\/contacts\/\" class=\"kc_title_link\" title=\"\" target=\"\">* Other dimensions<\/a><\/h4>\n<\/div>\n<\/div><\/div><\/div><div class=\"kc-elm kc-css-49430\" style=\"height: 50px; clear: both; width:100%;\"><\/div><\/div><\/div><div class=\"kc-elm kc-css-881894 kc_col-sm-1 kc_column kc_col-sm-1\"><div class=\"kc-col-container\"><\/div><\/div><\/div><\/div><\/section><section id=\"bbd-home-cta\" class=\"kc-elm kc-css-974613 kc_row\"><div class=\"kc-row-container\"><div class=\"kc-wrap-columns\"><div class=\"kc-elm kc-css-484527 kc_col-sm-12 kc_column kc_col-sm-12\"><div class=\"kc-col-container\"><!--Call To Action-->\n<section class=\"call-to-action-section\" style=\"background-image:url('https:\/\/madeirasimportadas.com\/wp-content\/uploads\/2020\/07\/bkg-cta.jpg')\">\n    <div class=\"auto-container\">\n        <div class=\"row clearfix\">\n            <div class=\"column col-md-9 col-sm-12 col-xs-12\">\n                <div class=\"title\">20 years of experience<\/div>\n                <h2>Marketing woods and maintenance products\r\n<br>for interior and exterior structures.<\/h2>\n            <\/div>\n            <div class=\"btn-column col-md-3 col-sm-12 col-xs-12\">\n                <h3>geral@madeirasimportadas.com<\/h3>\n                <a href=\"https:\/\/madeirasimportadas.com\/en\/contacts\/\" class=\"theme-btn btn-style-six\">Contact us<\/a>\n            <\/div>\n        <\/div>\n    <\/div>\n<\/section>\n<!--End Call To Action--><\/div><\/div><\/div><\/div><\/section><\/p>\n","protected":false},"excerpt":{"rendered":"","protected":false},"author":1,"featured_media":0,"parent":0,"menu_order":0,"comment_status":"closed","ping_status":"closed","template":"tpl-king_composer.php","meta":{"footnotes":""},"class_list":["post-1162","page","type-page","status-publish","hentry"],"yoast_head":"<!-- This site is optimized with the Yoast SEO plugin v27.2 - https:\/\/yoast.com\/product\/yoast-seo-wordpress\/ -->\n<title>Decks and Fa\u00e7ades - Madeiras Importadas<\/title>\n<meta name=\"robots\" content=\"index, follow, max-snippet:-1, max-image-preview:large, max-video-preview:-1\" \/>\n<link rel=\"canonical\" href=\"https:\/\/madeirasimportadas.com\/en\/decks-and-facades\/\" \/>\n<meta property=\"og:locale\" content=\"en_US\" \/>\n<meta property=\"og:type\" content=\"article\" \/>\n<meta property=\"og:title\" content=\"Decks and Fa\u00e7ades - Madeiras Importadas\" \/>\n<meta property=\"og:description\" content=\"Girders and Beams Laths and Battens Planks and Boards Linings Wooden Floors Plaque Insulations Decks and Fa\u00e7ades Hardware Paints Decks and Fa\u00e7ades Woods to customize, qualify and enhance your exterior spaces. Available in several types of wood. Decks and Fa\u00e7ades Material Thickness \/ Width &#8211; Grooved Riga Pine Deck 24x140mm 28x140mm -Smooth or Grooved Thermally\" \/>\n<meta property=\"og:url\" content=\"https:\/\/madeirasimportadas.com\/en\/decks-and-facades\/\" \/>\n<meta property=\"og:site_name\" content=\"Madeiras Importadas\" \/>\n<meta property=\"article:publisher\" content=\"https:\/\/www.facebook.com\/Madeiras-Importadas-lda-108412859538382\" \/>\n<meta property=\"og:image\" content=\"https:\/\/madeirasimportadas.com\/wp-content\/uploads\/2020\/07\/deck.jpg\" \/>\n<meta name=\"twitter:card\" content=\"summary_large_image\" \/>\n<meta name=\"twitter:label1\" content=\"Est. reading time\" \/>\n\t<meta name=\"twitter:data1\" content=\"1 minute\" \/>\n<script type=\"application\/ld+json\" class=\"yoast-schema-graph\">{\"@context\":\"https:\/\/schema.org\",\"@graph\":[{\"@type\":\"WebPage\",\"@id\":\"https:\/\/madeirasimportadas.com\/en\/decks-and-facades\/\",\"url\":\"https:\/\/madeirasimportadas.com\/en\/decks-and-facades\/\",\"name\":\"Decks and Fa\u00e7ades - Madeiras Importadas\",\"isPartOf\":{\"@id\":\"https:\/\/madeirasimportadas.com\/en\/#website\"},\"primaryImageOfPage\":{\"@id\":\"https:\/\/madeirasimportadas.com\/en\/decks-and-facades\/#primaryimage\"},\"image\":{\"@id\":\"https:\/\/madeirasimportadas.com\/en\/decks-and-facades\/#primaryimage\"},\"thumbnailUrl\":\"https:\/\/madeirasimportadas.com\/wp-content\/uploads\/2020\/07\/deck.jpg\",\"datePublished\":\"2020-10-28T15:59:47+00:00\",\"breadcrumb\":{\"@id\":\"https:\/\/madeirasimportadas.com\/en\/decks-and-facades\/#breadcrumb\"},\"inLanguage\":\"en-US\",\"potentialAction\":[{\"@type\":\"ReadAction\",\"target\":[\"https:\/\/madeirasimportadas.com\/en\/decks-and-facades\/\"]}]},{\"@type\":\"ImageObject\",\"inLanguage\":\"en-US\",\"@id\":\"https:\/\/madeirasimportadas.com\/en\/decks-and-facades\/#primaryimage\",\"url\":\"https:\/\/madeirasimportadas.com\/wp-content\/uploads\/2020\/07\/deck.jpg\",\"contentUrl\":\"https:\/\/madeirasimportadas.com\/wp-content\/uploads\/2020\/07\/deck.jpg\"},{\"@type\":\"BreadcrumbList\",\"@id\":\"https:\/\/madeirasimportadas.com\/en\/decks-and-facades\/#breadcrumb\",\"itemListElement\":[{\"@type\":\"ListItem\",\"position\":1,\"name\":\"In\u00edcio\",\"item\":\"https:\/\/madeirasimportadas.com\/en\/\"},{\"@type\":\"ListItem\",\"position\":2,\"name\":\"Decks and Fa\u00e7ades\"}]},{\"@type\":\"WebSite\",\"@id\":\"https:\/\/madeirasimportadas.com\/en\/#website\",\"url\":\"https:\/\/madeirasimportadas.com\/en\/\",\"name\":\"Madeiras Importadas\",\"description\":\"\",\"potentialAction\":[{\"@type\":\"SearchAction\",\"target\":{\"@type\":\"EntryPoint\",\"urlTemplate\":\"https:\/\/madeirasimportadas.com\/en\/?s={search_term_string}\"},\"query-input\":{\"@type\":\"PropertyValueSpecification\",\"valueRequired\":true,\"valueName\":\"search_term_string\"}}],\"inLanguage\":\"en-US\"}]}<\/script>\n<!-- \/ Yoast SEO plugin. -->","yoast_head_json":{"title":"Decks and Fa\u00e7ades - Madeiras Importadas","robots":{"index":"index","follow":"follow","max-snippet":"max-snippet:-1","max-image-preview":"max-image-preview:large","max-video-preview":"max-video-preview:-1"},"canonical":"https:\/\/madeirasimportadas.com\/en\/decks-and-facades\/","og_locale":"en_US","og_type":"article","og_title":"Decks and Fa\u00e7ades - Madeiras Importadas","og_description":"Girders and Beams Laths and Battens Planks and Boards Linings Wooden Floors Plaque Insulations Decks and Fa\u00e7ades Hardware Paints Decks and Fa\u00e7ades Woods to customize, qualify and enhance your exterior spaces. Available in several types of wood. Decks and Fa\u00e7ades Material Thickness \/ Width &#8211; Grooved Riga Pine Deck 24x140mm 28x140mm -Smooth or Grooved Thermally","og_url":"https:\/\/madeirasimportadas.com\/en\/decks-and-facades\/","og_site_name":"Madeiras Importadas","article_publisher":"https:\/\/www.facebook.com\/Madeiras-Importadas-lda-108412859538382","og_image":[{"url":"https:\/\/madeirasimportadas.com\/wp-content\/uploads\/2020\/07\/deck.jpg","type":"","width":"","height":""}],"twitter_card":"summary_large_image","twitter_misc":{"Est. reading time":"1 minute"},"schema":{"@context":"https:\/\/schema.org","@graph":[{"@type":"WebPage","@id":"https:\/\/madeirasimportadas.com\/en\/decks-and-facades\/","url":"https:\/\/madeirasimportadas.com\/en\/decks-and-facades\/","name":"Decks and Fa\u00e7ades - Madeiras Importadas","isPartOf":{"@id":"https:\/\/madeirasimportadas.com\/en\/#website"},"primaryImageOfPage":{"@id":"https:\/\/madeirasimportadas.com\/en\/decks-and-facades\/#primaryimage"},"image":{"@id":"https:\/\/madeirasimportadas.com\/en\/decks-and-facades\/#primaryimage"},"thumbnailUrl":"https:\/\/madeirasimportadas.com\/wp-content\/uploads\/2020\/07\/deck.jpg","datePublished":"2020-10-28T15:59:47+00:00","breadcrumb":{"@id":"https:\/\/madeirasimportadas.com\/en\/decks-and-facades\/#breadcrumb"},"inLanguage":"en-US","potentialAction":[{"@type":"ReadAction","target":["https:\/\/madeirasimportadas.com\/en\/decks-and-facades\/"]}]},{"@type":"ImageObject","inLanguage":"en-US","@id":"https:\/\/madeirasimportadas.com\/en\/decks-and-facades\/#primaryimage","url":"https:\/\/madeirasimportadas.com\/wp-content\/uploads\/2020\/07\/deck.jpg","contentUrl":"https:\/\/madeirasimportadas.com\/wp-content\/uploads\/2020\/07\/deck.jpg"},{"@type":"BreadcrumbList","@id":"https:\/\/madeirasimportadas.com\/en\/decks-and-facades\/#breadcrumb","itemListElement":[{"@type":"ListItem","position":1,"name":"In\u00edcio","item":"https:\/\/madeirasimportadas.com\/en\/"},{"@type":"ListItem","position":2,"name":"Decks and Fa\u00e7ades"}]},{"@type":"WebSite","@id":"https:\/\/madeirasimportadas.com\/en\/#website","url":"https:\/\/madeirasimportadas.com\/en\/","name":"Madeiras Importadas","description":"","potentialAction":[{"@type":"SearchAction","target":{"@type":"EntryPoint","urlTemplate":"https:\/\/madeirasimportadas.com\/en\/?s={search_term_string}"},"query-input":{"@type":"PropertyValueSpecification","valueRequired":true,"valueName":"search_term_string"}}],"inLanguage":"en-US"}]}},"_links":{"self":[{"href":"https:\/\/madeirasimportadas.com\/en\/wp-json\/wp\/v2\/pages\/1162","targetHints":{"allow":["GET"]}}],"collection":[{"href":"https:\/\/madeirasimportadas.com\/en\/wp-json\/wp\/v2\/pages"}],"about":[{"href":"https:\/\/madeirasimportadas.com\/en\/wp-json\/wp\/v2\/types\/page"}],"author":[{"embeddable":true,"href":"https:\/\/madeirasimportadas.com\/en\/wp-json\/wp\/v2\/users\/1"}],"replies":[{"embeddable":true,"href":"https:\/\/madeirasimportadas.com\/en\/wp-json\/wp\/v2\/comments?post=1162"}],"version-history":[{"count":1,"href":"https:\/\/madeirasimportadas.com\/en\/wp-json\/wp\/v2\/pages\/1162\/revisions"}],"predecessor-version":[{"id":1170,"href":"https:\/\/madeirasimportadas.com\/en\/wp-json\/wp\/v2\/pages\/1162\/revisions\/1170"}],"wp:attachment":[{"href":"https:\/\/madeirasimportadas.com\/en\/wp-json\/wp\/v2\/media?parent=1162"}],"curies":[{"name":"wp","href":"https:\/\/api.w.org\/{rel}","templated":true}]}}