{"id":833,"date":"2020-10-28T10:20:25","date_gmt":"2020-10-28T10:20:25","guid":{"rendered":"https:\/\/madeirasimportadas.com\/kits-de-montagem\/"},"modified":"2021-11-29T10:55:19","modified_gmt":"2021-11-29T10:55:19","slug":"sets-para-montaje","status":"publish","type":"page","link":"https:\/\/madeirasimportadas.com\/es\/sets-para-montaje\/","title":{"rendered":"Kits de Montaje"},"content":{"rendered":"<p><section class=\"kc-elm kc-css-182045 kc_row\"><div class=\"kc-row-container\"><div class=\"kc-wrap-columns\"><div class=\"kc-elm kc-css-426087 kc_col-sm-1 kc_column kc_col-sm-1\"><div class=\"kc-col-container\"><\/div><\/div><div class=\"kc-elm kc-css-498295 kc_col-sm-10 kc_column kc_col-sm-10\"><div class=\"kc-col-container\"><div class=\"kc-elm kc-css-986390\" style=\"height: 35px; clear: both; width:100%;\"><\/div><div class=\"kc-elm kc-css-451163 kc_text_block\"><\/p>\n<p style=\"text-align: center;\">Disfrute de los buenos momentos al aire libre.<\/p>\n<p style=\"text-align: center;\">Tenemos tres tipos de p\u00e9rgolas listas para enviar, fabricadas con madera tratada y f\u00e1ciles de montar.<\/p>\n<p>\n<\/div><div class=\"kc-elm kc-css-561183\" style=\"height: 25px; clear: both; width:100%;\"><\/div>\n<div class=\"kc-elm kc-css-64966 kc-title-wrap \">\n\n\t<h2 class=\"kc_title\">Kit de p\u00e9rgolas<\/h2>\n<\/div>\n<div class=\"kc-elm kc-css-976460\" style=\"height: 65px; clear: both; width:100%;\"><\/div><\/div><\/div><div class=\"kc-elm kc-css-303533 kc_col-sm-1 kc_column kc_col-sm-1\"><div class=\"kc-col-container\"><\/div><\/div><\/div><\/div><\/section><section class=\"kc-elm kc-css-845330 kc_row\"><div class=\"kc-row-container\"><div class=\"kc-wrap-columns\"><div class=\"kc-elm kc-css-118286 kc_col-sm-1 kc_column kc_col-sm-1\"><div class=\"kc-col-container\"><\/div><\/div><div class=\"kc-elm kc-css-120726 kc_col-sm-10 kc_column kc_col-sm-10\"><div class=\"kc-col-container\"><div class=\"kc-elm kc-css-290122 kc_accordion_wrapper\">\n<div class=\"kc-elm kc-css-791846 kc_accordion_section group bbd-kit-01\"><h3 class=\"kc_accordion_header ui-accordion-header\"><span class=\"ui-accordion-header-icon ui-icon\"><\/span><a href=\"#kit-01\" data-prevent=\"scroll\"><i class=\"\"><\/i> KIT 01<\/a><\/h3><div class=\"kc_accordion_content ui-accordion-content kc_clearfix\"><div class=\"kc-panel-body\"><div class=\"kc-elm kc-css-909906 kc_row kc_row_inner\"><div class=\"kc-elm kc-css-132351 kc_col-sm-4 kc_column_inner kc_col-sm-4\"><div class=\"kc_wrapper kc-col-inner-container\"><div class=\"kc-elm kc-css-138889\" style=\"height: 25px; clear: both; width:100%;\"><\/div><div class=\"kc-elm kc-css-223842 kc_shortcode kc_single_image\">\n\n        <img decoding=\"async\" src=\"https:\/\/madeirasimportadas.com\/wp-content\/uploads\/2022\/12\/Kit-Pergolas-01-v2.jpg\" class=\"\" alt=\"\" \/>    <\/div>\n<div class=\"kc-elm kc-css-173412\" style=\"height: 65px; clear: both; width:100%;\"><\/div><\/div><\/div><div class=\"kc-elm kc-css-784511 kc_col-sm-4 kc_column_inner kc_col-sm-4\"><div class=\"kc_wrapper kc-col-inner-container\"><div class=\"kc-elm kc-css-314133\" style=\"height: 25px; clear: both; width:100%;\"><\/div><div class=\"kc-elm kc-css-710909 kc_shortcode kc_single_image\">\n\n        <img decoding=\"async\" src=\"https:\/\/madeirasimportadas.com\/wp-content\/uploads\/2020\/07\/Kit-Perolas-1.jpg\" class=\"\" alt=\"\" \/>    <\/div>\n<div class=\"kc-elm kc-css-791909\" style=\"height: 65px; clear: both; width:100%;\"><\/div><\/div><\/div><div class=\"kc-elm kc-css-74123 kc_col-sm-3 kc_column_inner kc_col-sm-3\"><div class=\"kc_wrapper kc-col-inner-container\"><div class=\"kc-elm kc-css-294641\" style=\"height: 25px; clear: both; width:100%;\"><\/div>\n<div class=\"kc-elm kc-css-361391 kc-title-wrap \">\n\n\t<h3 class=\"kc_title\">Caracter\u00edsticas:<\/h3>\n<\/div>\n<div class=\"kc-elm kc-css-921949\" style=\"height: 25px; clear: both; width:100%;\"><\/div><div class=\"kc-elm kc-css-229445 kc_text_block\"><\/p>\n<p>4 PILARES 90&#215;90 mm 2.00 m<br \/>2 TRAVESA\u00d1OS 90X90 mm 3.00m<br \/>4 DIAGONALES 70X70 mm 0.57m<br \/>TORNILLOS<\/p>\n<p>5 BARROTES 70X70 mm 3.00m<br \/>4 DIAGONALES 70&#215;70 mm 0.70<br \/>TORNILLOS<\/p>\n<p>\n<\/div><div class=\"kc-elm kc-css-904670\" style=\"height: 65px; clear: both; width:100%;\"><\/div><\/div><\/div><\/div><div class=\"kc-elm kc-css-531880 kc_row kc_row_inner bbd-kit-cta\"><div class=\"kc-elm kc-css-421083 kc_col-sm-12 kc_column_inner kc_col-sm-12\"><div class=\"kc_wrapper kc-col-inner-container\"><!--Call To Action-->\n<section class=\"call-to-action-section\" style=\"background-image:url('')\">\n    <div class=\"auto-container\">\n        <div class=\"row clearfix\">\n            <div class=\"column col-md-9 col-sm-12 col-xs-12\">\n                <div class=\"title\"><\/div>\n                <h2>Si quiere m\u00e1s informaci\u00f3n sobre nuestros kits de p\u00e9rgolas, hable con nosotros<\/h2>\n            <\/div>\n            <div class=\"btn-column col-md-3 col-sm-12 col-xs-12\">\n                <h3><\/h3>\n                <a href=\"https:\/\/madeirasimportadas.com\/es\/contactos\/\" class=\"theme-btn btn-style-six\">Cont\u00e1ctenos<\/a>\n            <\/div>\n        <\/div>\n    <\/div>\n<\/section>\n<!--End Call To Action--><\/div><\/div><\/div><\/div><\/div><\/div><div class=\"kc-elm kc-css-816933 kc_accordion_section group bbd-kit-02\"><h3 class=\"kc_accordion_header ui-accordion-header\"><span class=\"ui-accordion-header-icon ui-icon\"><\/span><a href=\"#kit-02\" data-prevent=\"scroll\"><i class=\"\"><\/i> KIT 02<\/a><\/h3><div class=\"kc_accordion_content ui-accordion-content kc_clearfix\"><div class=\"kc-panel-body\"><div class=\"kc-elm kc-css-234956 kc_row kc_row_inner\"><div class=\"kc-elm kc-css-424888 kc_col-sm-4 kc_column_inner kc_col-sm-4\"><div class=\"kc_wrapper kc-col-inner-container\"><div class=\"kc-elm kc-css-695764\" style=\"height: 25px; clear: both; width:100%;\"><\/div><div class=\"kc-elm kc-css-339852 kc_shortcode kc_single_image\">\n\n        <img decoding=\"async\" src=\"https:\/\/madeirasimportadas.com\/wp-content\/uploads\/2022\/12\/Kit-Pergolas-02-v2.jpg\" class=\"\" alt=\"\" \/>    <\/div>\n<div class=\"kc-elm kc-css-697250\" style=\"height: 65px; clear: both; width:100%;\"><\/div><\/div><\/div><div class=\"kc-elm kc-css-573002 kc_col-sm-4 kc_column_inner kc_col-sm-4\"><div class=\"kc_wrapper kc-col-inner-container\"><div class=\"kc-elm kc-css-151390\" style=\"height: 25px; clear: both; width:100%;\"><\/div><div class=\"kc-elm kc-css-995807 kc_shortcode kc_single_image\">\n\n        <img decoding=\"async\" src=\"https:\/\/madeirasimportadas.com\/wp-content\/uploads\/2020\/07\/Kit-Pergolas-021.jpg\" class=\"\" alt=\"\" \/>    <\/div>\n<div class=\"kc-elm kc-css-350420\" style=\"height: 65px; clear: both; width:100%;\"><\/div><\/div><\/div><div class=\"kc-elm kc-css-311066 kc_col-sm-3 kc_column_inner kc_col-sm-3\"><div class=\"kc_wrapper kc-col-inner-container\"><div class=\"kc-elm kc-css-979668\" style=\"height: 25px; clear: both; width:100%;\"><\/div>\n<div class=\"kc-elm kc-css-848593 kc-title-wrap \">\n\n\t<h3 class=\"kc_title\">Caracter\u00edsticas:<\/h3>\n<\/div>\n<div class=\"kc-elm kc-css-506775\" style=\"height: 25px; clear: both; width:100%;\"><\/div><div class=\"kc-elm kc-css-59223 kc_text_block\"><\/p>\n<p>4 ESTACAS 90&#215;90 mm 2.00 m<br \/>2 TRAVESA\u00d1OS 90X90mm 4.00 m<br \/>4 DIAGONALES 70X70 mm 0.57 m<br \/>TORNILLOS<\/p>\n<p>7 BARROTES 70X70 mm 3.00 m<br \/>4 DIAGONALES 70&#215;70 mm 0.70 m<br \/>TORNILLOS<\/p>\n<p>\n<\/div><div class=\"kc-elm kc-css-202659\" style=\"height: 65px; clear: both; width:100%;\"><\/div><\/div><\/div><\/div><div class=\"kc-elm kc-css-221170 kc_row kc_row_inner bbd-kit-cta\"><div class=\"kc-elm kc-css-89064 kc_col-sm-12 kc_column_inner kc_col-sm-12\"><div class=\"kc_wrapper kc-col-inner-container\"><!--Call To Action-->\n<section class=\"call-to-action-section\" style=\"background-image:url('')\">\n    <div class=\"auto-container\">\n        <div class=\"row clearfix\">\n            <div class=\"column col-md-9 col-sm-12 col-xs-12\">\n                <div class=\"title\"><\/div>\n                <h2>Si quiere m\u00e1s informaci\u00f3n sobre nuestros kits de p\u00e9rgolas, hable con nosotros<\/h2>\n            <\/div>\n            <div class=\"btn-column col-md-3 col-sm-12 col-xs-12\">\n                <h3><\/h3>\n                <a href=\"https:\/\/madeirasimportadas.com\/es\/contactos\/\" class=\"theme-btn btn-style-six\">Cont\u00e1ctenos<\/a>\n            <\/div>\n        <\/div>\n    <\/div>\n<\/section>\n<!--End Call To Action--><\/div><\/div><\/div><\/div><\/div><\/div><div class=\"kc-elm kc-css-787404 kc_accordion_section group bbd-kit-03\"><h3 class=\"kc_accordion_header ui-accordion-header\"><span class=\"ui-accordion-header-icon ui-icon\"><\/span><a href=\"#kit-03\" data-prevent=\"scroll\"><i class=\"\"><\/i> KIT 03<\/a><\/h3><div class=\"kc_accordion_content ui-accordion-content kc_clearfix\"><div class=\"kc-panel-body\"><div class=\"kc-elm kc-css-230245 kc_row kc_row_inner\"><div class=\"kc-elm kc-css-619346 kc_col-sm-4 kc_column_inner kc_col-sm-4\"><div class=\"kc_wrapper kc-col-inner-container\"><div class=\"kc-elm kc-css-834085\" style=\"height: 25px; clear: both; width:100%;\"><\/div><div class=\"kc-elm kc-css-692019 kc_shortcode kc_single_image\">\n\n        <img decoding=\"async\" src=\"https:\/\/madeirasimportadas.com\/wp-content\/uploads\/2022\/12\/Kit-Pergolas-03-v2.jpg\" class=\"\" alt=\"\" \/>    <\/div>\n<div class=\"kc-elm kc-css-837036\" style=\"height: 65px; clear: both; width:100%;\"><\/div><\/div><\/div><div class=\"kc-elm kc-css-188550 kc_col-sm-4 kc_column_inner kc_col-sm-4\"><div class=\"kc_wrapper kc-col-inner-container\"><div class=\"kc-elm kc-css-580073\" style=\"height: 25px; clear: both; width:100%;\"><\/div><div class=\"kc-elm kc-css-162544 kc_shortcode kc_single_image\">\n\n        <img decoding=\"async\" src=\"https:\/\/madeirasimportadas.com\/wp-content\/uploads\/2020\/07\/Kit-Pergolas-031.jpg\" class=\"\" alt=\"\" \/>    <\/div>\n<div class=\"kc-elm kc-css-925605\" style=\"height: 65px; clear: both; width:100%;\"><\/div><\/div><\/div><div class=\"kc-elm kc-css-955632 kc_col-sm-3 kc_column_inner kc_col-sm-3\"><div class=\"kc_wrapper kc-col-inner-container\"><div class=\"kc-elm kc-css-984340\" style=\"height: 25px; clear: both; width:100%;\"><\/div>\n<div class=\"kc-elm kc-css-731274 kc-title-wrap \">\n\n\t<h3 class=\"kc_title\">Caracter\u00edsticas:<\/h3>\n<\/div>\n<div class=\"kc-elm kc-css-455222\" style=\"height: 25px; clear: both; width:100%;\"><\/div><div class=\"kc-elm kc-css-446117 kc_text_block\"><\/p>\n<p>4 ESTACAS 90X90 mm 2.42 m<br \/>2 TRAVESA\u00d1OS 90X90 mm 5.00 m<br \/>4 DIAGONALES 70X70 mm 0.57 m<br \/>TORNILLOS<\/p>\n<p>8 BARROTES 70X70 mm 4.00 m<br \/>o<br \/>8 BARROTES 70X110 mm 4.00 m<br \/>4 DIAGONALES 70&#215;70 mm 0.70 m<br \/>TORNILLOS<\/p>\n<p>\n<\/div><div class=\"kc-elm kc-css-718442\" style=\"height: 65px; clear: both; width:100%;\"><\/div><\/div><\/div><\/div><div class=\"kc-elm kc-css-417294 kc_row kc_row_inner bbd-kit-cta\"><div class=\"kc-elm kc-css-216343 kc_col-sm-12 kc_column_inner kc_col-sm-12\"><div class=\"kc_wrapper kc-col-inner-container\"><!--Call To Action-->\n<section class=\"call-to-action-section\" style=\"background-image:url('')\">\n    <div class=\"auto-container\">\n        <div class=\"row clearfix\">\n            <div class=\"column col-md-9 col-sm-12 col-xs-12\">\n                <div class=\"title\"><\/div>\n                <h2>Si quiere m\u00e1s informaci\u00f3n sobre nuestros kits de p\u00e9rgolas, hable con nosotros<\/h2>\n            <\/div>\n            <div class=\"btn-column col-md-3 col-sm-12 col-xs-12\">\n                <h3><\/h3>\n                <a href=\"https:\/\/madeirasimportadas.com\/es\/contactos\/\" class=\"theme-btn btn-style-six\">Cont\u00e1ctenos<\/a>\n            <\/div>\n        <\/div>\n    <\/div>\n<\/section>\n<!--End Call To Action--><\/div><\/div><\/div><\/div><\/div><\/div><\/div>\n<\/div><\/div><div class=\"kc-elm kc-css-842834 kc_col-sm-1 kc_column kc_col-sm-1\"><div class=\"kc-col-container\"><\/div><\/div><\/div><\/div><\/section><section id=\"bbd-home-cta\" class=\"kc-elm kc-css-438419 kc_row\"><div class=\"kc-row-container\"><div class=\"kc-wrap-columns\"><div class=\"kc-elm kc-css-270319 kc_col-sm-12 kc_column kc_col-sm-12\"><div class=\"kc-col-container\"><!--Call To Action-->\n<section class=\"call-to-action-section\" style=\"background-image:url('https:\/\/madeirasimportadas.com\/wp-content\/uploads\/2020\/07\/bkg-cta.jpg')\">\n    <div class=\"auto-container\">\n        <div class=\"row clearfix\">\n            <div class=\"column col-md-9 col-sm-12 col-xs-12\">\n                <div class=\"title\">20 a\u00f1os de experiencia<\/div>\n                <h2>En la comercializaci\u00f3n de maderas y productos <br>de mantenimiento para estructuras interiores y exteriores.<\/h2>\n            <\/div>\n            <div class=\"btn-column col-md-3 col-sm-12 col-xs-12\">\n                <h3>geral@madeirasimportadas.com<\/h3>\n                <a href=\"https:\/\/madeirasimportadas.com\/es\/contactos\/\" class=\"theme-btn btn-style-six\">Cont\u00e1ctenos<\/a>\n            <\/div>\n        <\/div>\n    <\/div>\n<\/section>\n<!--End Call To Action--><\/div><\/div><\/div><\/div><\/section><\/p>\n","protected":false},"excerpt":{"rendered":"","protected":false},"author":1,"featured_media":0,"parent":0,"menu_order":0,"comment_status":"closed","ping_status":"closed","template":"tpl-king_composer.php","meta":{"footnotes":""},"class_list":["post-833","page","type-page","status-publish","hentry"],"yoast_head":"<!-- This site is optimized with the Yoast SEO plugin v27.5 - https:\/\/yoast.com\/product\/yoast-seo-wordpress\/ -->\n<title>Kits de Montaje - Madeiras Importadas<\/title>\n<meta name=\"robots\" content=\"index, follow, max-snippet:-1, max-image-preview:large, max-video-preview:-1\" \/>\n<link rel=\"canonical\" href=\"https:\/\/madeirasimportadas.com\/es\/sets-para-montaje\/\" \/>\n<meta property=\"og:locale\" content=\"es_ES\" \/>\n<meta property=\"og:type\" content=\"article\" \/>\n<meta property=\"og:title\" content=\"Kits de Montaje - Madeiras Importadas\" \/>\n<meta property=\"og:description\" content=\"Disfrute de los buenos momentos al aire libre. Tenemos tres tipos de p\u00e9rgolas listas para enviar, fabricadas con madera tratada y f\u00e1ciles de montar. Kit de p\u00e9rgolas KIT 01 Caracter\u00edsticas: 4 PILARES 90&#215;90 mm 2.00 m2 TRAVESA\u00d1OS 90X90 mm 3.00m4 DIAGONALES 70X70 mm 0.57mTORNILLOS 5 BARROTES 70X70 mm 3.00m4 DIAGONALES 70&#215;70 mm 0.70TORNILLOS Si quiere\" \/>\n<meta property=\"og:url\" content=\"https:\/\/madeirasimportadas.com\/es\/sets-para-montaje\/\" \/>\n<meta property=\"og:site_name\" content=\"Madeiras Importadas\" \/>\n<meta property=\"article:publisher\" content=\"https:\/\/www.facebook.com\/Madeiras-Importadas-lda-108412859538382\" \/>\n<meta property=\"article:modified_time\" content=\"2021-11-29T10:55:19+00:00\" \/>\n<meta property=\"og:image\" content=\"https:\/\/madeirasimportadas.com\/wp-content\/uploads\/2020\/07\/Kit-Pergolas.jpg\" \/>\n<meta name=\"twitter:card\" content=\"summary_large_image\" \/>\n<meta name=\"twitter:label1\" content=\"Tiempo de lectura\" \/>\n\t<meta name=\"twitter:data1\" content=\"1 minuto\" \/>\n<script type=\"application\/ld+json\" class=\"yoast-schema-graph\">{\"@context\":\"https:\\\/\\\/schema.org\",\"@graph\":[{\"@type\":\"WebPage\",\"@id\":\"https:\\\/\\\/madeirasimportadas.com\\\/es\\\/sets-para-montaje\\\/\",\"url\":\"https:\\\/\\\/madeirasimportadas.com\\\/es\\\/sets-para-montaje\\\/\",\"name\":\"Kits de Montaje - Madeiras Importadas\",\"isPartOf\":{\"@id\":\"https:\\\/\\\/madeirasimportadas.com\\\/es\\\/#website\"},\"primaryImageOfPage\":{\"@id\":\"https:\\\/\\\/madeirasimportadas.com\\\/es\\\/sets-para-montaje\\\/#primaryimage\"},\"image\":{\"@id\":\"https:\\\/\\\/madeirasimportadas.com\\\/es\\\/sets-para-montaje\\\/#primaryimage\"},\"thumbnailUrl\":\"https:\\\/\\\/madeirasimportadas.com\\\/wp-content\\\/uploads\\\/2022\\\/12\\\/Kit-Pergolas-01-v2.jpg\",\"datePublished\":\"2020-10-28T10:20:25+00:00\",\"dateModified\":\"2021-11-29T10:55:19+00:00\",\"breadcrumb\":{\"@id\":\"https:\\\/\\\/madeirasimportadas.com\\\/es\\\/sets-para-montaje\\\/#breadcrumb\"},\"inLanguage\":\"es\",\"potentialAction\":[{\"@type\":\"ReadAction\",\"target\":[\"https:\\\/\\\/madeirasimportadas.com\\\/es\\\/sets-para-montaje\\\/\"]}]},{\"@type\":\"ImageObject\",\"inLanguage\":\"es\",\"@id\":\"https:\\\/\\\/madeirasimportadas.com\\\/es\\\/sets-para-montaje\\\/#primaryimage\",\"url\":\"https:\\\/\\\/madeirasimportadas.com\\\/wp-content\\\/uploads\\\/2022\\\/12\\\/Kit-Pergolas-01-v2.jpg\",\"contentUrl\":\"https:\\\/\\\/madeirasimportadas.com\\\/wp-content\\\/uploads\\\/2022\\\/12\\\/Kit-Pergolas-01-v2.jpg\"},{\"@type\":\"BreadcrumbList\",\"@id\":\"https:\\\/\\\/madeirasimportadas.com\\\/es\\\/sets-para-montaje\\\/#breadcrumb\",\"itemListElement\":[{\"@type\":\"ListItem\",\"position\":1,\"name\":\"In\u00edcio\",\"item\":\"https:\\\/\\\/madeirasimportadas.com\\\/es\\\/\"},{\"@type\":\"ListItem\",\"position\":2,\"name\":\"Kits de Montaje\"}]},{\"@type\":\"WebSite\",\"@id\":\"https:\\\/\\\/madeirasimportadas.com\\\/es\\\/#website\",\"url\":\"https:\\\/\\\/madeirasimportadas.com\\\/es\\\/\",\"name\":\"Madeiras Importadas\",\"description\":\"\",\"potentialAction\":[{\"@type\":\"SearchAction\",\"target\":{\"@type\":\"EntryPoint\",\"urlTemplate\":\"https:\\\/\\\/madeirasimportadas.com\\\/es\\\/?s={search_term_string}\"},\"query-input\":{\"@type\":\"PropertyValueSpecification\",\"valueRequired\":true,\"valueName\":\"search_term_string\"}}],\"inLanguage\":\"es\"}]}<\/script>\n<!-- \/ Yoast SEO plugin. -->","yoast_head_json":{"title":"Kits de Montaje - Madeiras Importadas","robots":{"index":"index","follow":"follow","max-snippet":"max-snippet:-1","max-image-preview":"max-image-preview:large","max-video-preview":"max-video-preview:-1"},"canonical":"https:\/\/madeirasimportadas.com\/es\/sets-para-montaje\/","og_locale":"es_ES","og_type":"article","og_title":"Kits de Montaje - Madeiras Importadas","og_description":"Disfrute de los buenos momentos al aire libre. Tenemos tres tipos de p\u00e9rgolas listas para enviar, fabricadas con madera tratada y f\u00e1ciles de montar. Kit de p\u00e9rgolas KIT 01 Caracter\u00edsticas: 4 PILARES 90&#215;90 mm 2.00 m2 TRAVESA\u00d1OS 90X90 mm 3.00m4 DIAGONALES 70X70 mm 0.57mTORNILLOS 5 BARROTES 70X70 mm 3.00m4 DIAGONALES 70&#215;70 mm 0.70TORNILLOS Si quiere","og_url":"https:\/\/madeirasimportadas.com\/es\/sets-para-montaje\/","og_site_name":"Madeiras Importadas","article_publisher":"https:\/\/www.facebook.com\/Madeiras-Importadas-lda-108412859538382","article_modified_time":"2021-11-29T10:55:19+00:00","og_image":[{"url":"https:\/\/madeirasimportadas.com\/wp-content\/uploads\/2020\/07\/Kit-Pergolas.jpg","type":"","width":"","height":""}],"twitter_card":"summary_large_image","twitter_misc":{"Tiempo de lectura":"1 minuto"},"schema":{"@context":"https:\/\/schema.org","@graph":[{"@type":"WebPage","@id":"https:\/\/madeirasimportadas.com\/es\/sets-para-montaje\/","url":"https:\/\/madeirasimportadas.com\/es\/sets-para-montaje\/","name":"Kits de Montaje - Madeiras Importadas","isPartOf":{"@id":"https:\/\/madeirasimportadas.com\/es\/#website"},"primaryImageOfPage":{"@id":"https:\/\/madeirasimportadas.com\/es\/sets-para-montaje\/#primaryimage"},"image":{"@id":"https:\/\/madeirasimportadas.com\/es\/sets-para-montaje\/#primaryimage"},"thumbnailUrl":"https:\/\/madeirasimportadas.com\/wp-content\/uploads\/2022\/12\/Kit-Pergolas-01-v2.jpg","datePublished":"2020-10-28T10:20:25+00:00","dateModified":"2021-11-29T10:55:19+00:00","breadcrumb":{"@id":"https:\/\/madeirasimportadas.com\/es\/sets-para-montaje\/#breadcrumb"},"inLanguage":"es","potentialAction":[{"@type":"ReadAction","target":["https:\/\/madeirasimportadas.com\/es\/sets-para-montaje\/"]}]},{"@type":"ImageObject","inLanguage":"es","@id":"https:\/\/madeirasimportadas.com\/es\/sets-para-montaje\/#primaryimage","url":"https:\/\/madeirasimportadas.com\/wp-content\/uploads\/2022\/12\/Kit-Pergolas-01-v2.jpg","contentUrl":"https:\/\/madeirasimportadas.com\/wp-content\/uploads\/2022\/12\/Kit-Pergolas-01-v2.jpg"},{"@type":"BreadcrumbList","@id":"https:\/\/madeirasimportadas.com\/es\/sets-para-montaje\/#breadcrumb","itemListElement":[{"@type":"ListItem","position":1,"name":"In\u00edcio","item":"https:\/\/madeirasimportadas.com\/es\/"},{"@type":"ListItem","position":2,"name":"Kits de Montaje"}]},{"@type":"WebSite","@id":"https:\/\/madeirasimportadas.com\/es\/#website","url":"https:\/\/madeirasimportadas.com\/es\/","name":"Madeiras Importadas","description":"","potentialAction":[{"@type":"SearchAction","target":{"@type":"EntryPoint","urlTemplate":"https:\/\/madeirasimportadas.com\/es\/?s={search_term_string}"},"query-input":{"@type":"PropertyValueSpecification","valueRequired":true,"valueName":"search_term_string"}}],"inLanguage":"es"}]}},"_links":{"self":[{"href":"https:\/\/madeirasimportadas.com\/es\/wp-json\/wp\/v2\/pages\/833","targetHints":{"allow":["GET"]}}],"collection":[{"href":"https:\/\/madeirasimportadas.com\/es\/wp-json\/wp\/v2\/pages"}],"about":[{"href":"https:\/\/madeirasimportadas.com\/es\/wp-json\/wp\/v2\/types\/page"}],"author":[{"embeddable":true,"href":"https:\/\/madeirasimportadas.com\/es\/wp-json\/wp\/v2\/users\/1"}],"replies":[{"embeddable":true,"href":"https:\/\/madeirasimportadas.com\/es\/wp-json\/wp\/v2\/comments?post=833"}],"version-history":[{"count":5,"href":"https:\/\/madeirasimportadas.com\/es\/wp-json\/wp\/v2\/pages\/833\/revisions"}],"predecessor-version":[{"id":860,"href":"https:\/\/madeirasimportadas.com\/es\/wp-json\/wp\/v2\/pages\/833\/revisions\/860"}],"wp:attachment":[{"href":"https:\/\/madeirasimportadas.com\/es\/wp-json\/wp\/v2\/media?parent=833"}],"curies":[{"name":"wp","href":"https:\/\/api.w.org\/{rel}","templated":true}]}}