{"id":865,"date":"2020-10-28T10:44:15","date_gmt":"2020-10-28T10:44:15","guid":{"rendered":"https:\/\/madeirasimportadas.com\/servicos\/"},"modified":"2021-11-29T11:14:45","modified_gmt":"2021-11-29T11:14:45","slug":"servicios","status":"publish","type":"page","link":"https:\/\/madeirasimportadas.com\/es\/servicios\/","title":{"rendered":"Servicios"},"content":{"rendered":"<p><section data-kc-fullheight=\"middle-content\" id=\"bbd-sust-banner\" class=\"kc-elm kc-css-239550 kc_row\"><div class=\"kc-row-container\"><div class=\"kc-wrap-columns\"><div class=\"kc-elm kc-css-347775 kc_col-sm-12 kc_column kc_col-sm-12\"><div class=\"kc-col-container\"><div class=\"kc-elm kc-css-403696 kc_text_block\"><\/p>\n<p style=\"text-align: center;\">La madera es sostenible, neutra en CO2 es un aislante muy eficaz, creando excelentes condiciones de vida.<\/p>\n<p>\n<\/div><\/div><\/div><\/div><\/div><\/section><section class=\"kc-elm kc-css-818750 kc_row\"><div class=\"kc-row-container\"><div class=\"kc-wrap-columns\"><div class=\"kc-elm kc-css-609640 kc_col-sm-1 kc_column kc_col-sm-1\"><div class=\"kc-col-container\"><\/div><\/div><div class=\"kc-elm kc-css-159692 kc_col-sm-10 kc_column kc_col-sm-10\"><div class=\"kc-col-container\"><div class=\"kc-elm kc-css-104720 bbd-services-space\" style=\"height: 65px; clear: both; width:100%;\"><\/div><div data-kc-equalheight=\"true\" data-kc-row-action=\"true\" data-kc-equalheight-align=\"middle\" class=\"kc-elm kc-css-154263 kc_row kc_row_inner bbd-service-desc\"><div class=\"kc-elm kc-css-287652 kc_col-sm-7 kc_column_inner kc_col-sm-7\"><div class=\"kc_wrapper kc-col-inner-container\"><div class=\"kc-elm kc-css-315148\" style=\"height: 65px; clear: both; width:100%;\"><\/div>\n<div class=\"kc-elm kc-css-677739 kc-title-wrap \">\n\n\t<h2 class=\"kc_title\">Consultor\u00eda y proyectos:<\/h2>\n<\/div>\n<div class=\"kc-elm kc-css-940948\" style=\"height: 25px; clear: both; width:100%;\"><\/div><div class=\"kc-elm kc-css-181921 kc_text_block\"><\/p>\n<p>Ofrecemos asesoramiento y desarrollamos proyectos de estructuras de madera de peque\u00f1a dimensi\u00f3n.<\/p>\n<p>Ayudamos a escoger la madera y hacemos un acompa\u00f1amiento durante la construcci\u00f3n y todo el mantenimiento necesario.<\/p>\n<p><span style=\"font-style: inherit;\">Pedir cita previa.<\/span><\/p>\n<div class=\"btn-column\">\n<p><a class=\"theme-btn btn-style-six\" href=\"https:\/\/madeirasimportadas.com\/es\/contactos\/\">Cont\u00e1ctenos<\/a><\/p>\n<\/div>\n<p>\n<\/div><div class=\"kc-elm kc-css-772072\" style=\"height: 65px; clear: both; width:100%;\"><\/div><\/div><\/div><div class=\"kc-elm kc-css-975076 kc_col-sm-5 kc_column_inner kc_col-sm-5 bbd-service-image\"><div class=\"kc_wrapper kc-col-inner-container\"><\/div><\/div><\/div><div class=\"kc-elm kc-css-457126 bbd-services-space\" style=\"height: 65px; clear: both; width:100%;\"><\/div><div data-kc-equalheight=\"true\" data-kc-row-action=\"true\" data-kc-equalheight-align=\"middle\" class=\"kc-elm kc-css-593838 kc_row kc_row_inner bbd-service-desc\"><div class=\"kc-elm kc-css-395719 kc_col-sm-7 kc_column_inner kc_col-sm-7\"><div class=\"kc_wrapper kc-col-inner-container\"><div class=\"kc-elm kc-css-71138\" style=\"height: 65px; clear: both; width:100%;\"><\/div>\n<div class=\"kc-elm kc-css-751123 kc-title-wrap \">\n\n\t<h2 class=\"kc_title\">Cortes:<\/h2>\n<\/div>\n<div class=\"kc-elm kc-css-150188\" style=\"height: 25px; clear: both; width:100%;\"><\/div><div class=\"kc-elm kc-css-65423 kc_text_block\"><\/p>\n<p>No importa cu\u00e1les sean las especificaciones de sus proyectos, nosotros le ayudamos con nuestro servicio de corte a medida.<\/p>\n<p>Le ayudamos para que construya de forma tranquila y sin perder tiempo.<\/p>\n<div class=\"btn-column\">\n<p><a class=\"theme-btn btn-style-six\" href=\"https:\/\/madeirasimportadas.com\/es\/contactos\/\">Cont\u00e1ctenos<\/a><\/p>\n<\/div>\n<p>\n<\/div><div class=\"kc-elm kc-css-193704\" style=\"height: 65px; clear: both; width:100%;\"><\/div><\/div><\/div><div class=\"kc-elm kc-css-184439 kc_col-sm-5 kc_column_inner kc_col-sm-5 bbd-service-image\"><div class=\"kc_wrapper kc-col-inner-container\"><\/div><\/div><\/div><div class=\"kc-elm kc-css-351440 bbd-services-space\" style=\"height: 65px; clear: both; width:100%;\"><\/div><div data-kc-equalheight=\"true\" data-kc-row-action=\"true\" data-kc-equalheight-align=\"middle\" class=\"kc-elm kc-css-451616 kc_row kc_row_inner bbd-service-desc\"><div class=\"kc-elm kc-css-381126 kc_col-sm-7 kc_column_inner kc_col-sm-7\"><div class=\"kc_wrapper kc-col-inner-container\"><div class=\"kc-elm kc-css-661237\" style=\"height: 65px; clear: both; width:100%;\"><\/div>\n<div class=\"kc-elm kc-css-446081 kc-title-wrap \">\n\n\t<h2 class=\"kc_title\">Tratamientos y mantenimiento de maderas:<\/h2>\n<\/div>\n<div class=\"kc-elm kc-css-408843\" style=\"height: 25px; clear: both; width:100%;\"><\/div><div class=\"kc-elm kc-css-295066 kc_text_block\"><\/p>\n<p>Conocemos la madera mejor que nadie.<\/p>\n<p>Nuestro equipo est\u00e1 cualificado para hacer cualquier tipo de mantenimiento o<br \/>tratamiento que necesite su edificio.<\/p>\n<p>Desde las estructuras, pasando por los suelos y paredes, hasta las terrazas, p\u00e9rgolas y vallas, dominamos las t\u00e9cnicas de mantenimiento y tratamiento de madera y usamos los mejores materiales ecol\u00f3gicamente sostenibles.<\/p>\n<div class=\"btn-column\">\n<p><a class=\"theme-btn btn-style-six\" href=\"https:\/\/madeirasimportadas.com\/es\/contactos\/\">Cont\u00e1ctenos<\/a><\/p>\n<\/div>\n<p>\n<\/div><div class=\"kc-elm kc-css-855859\" style=\"height: 65px; clear: both; width:100%;\"><\/div><\/div><\/div><div class=\"kc-elm kc-css-637285 kc_col-sm-5 kc_column_inner kc_col-sm-5 bbd-service-image\"><div class=\"kc_wrapper kc-col-inner-container\"><\/div><\/div><\/div><div class=\"kc-elm kc-css-558966 bbd-services-space\" style=\"height: 65px; clear: both; width:100%;\"><\/div><\/div><\/div><div class=\"kc-elm kc-css-903446 kc_col-sm-1 kc_column kc_col-sm-1\"><div class=\"kc-col-container\"><\/div><\/div><\/div><\/div><\/section><section data-kc-fullwidth=\"content\" class=\"kc-elm kc-css-341447 kc_row bbd-services-section\"><div class=\"kc-row-container\"><div class=\"kc-wrap-columns\"><div class=\"kc-elm kc-css-849970 kc_col-sm-12 kc_column kc_col-sm-12\"><div class=\"kc-col-container\"><div data-kc-equalheight=\"true\" data-kc-row-action=\"true\" data-kc-equalheight-align=\"middle\" class=\"kc-elm kc-css-660364 kc_row kc_row_inner bbd-services-section-row\"><div class=\"kc-elm kc-css-236722 kc_col-sm-12 kc_column_inner kc_col-sm-12\"><div class=\"kc_wrapper kc-col-inner-container\"><div class=\"kc-elm kc-css-191426\" style=\"height: 25px; clear: both; width:100%;\"><\/div>\n<div class=\"kc-elm kc-css-962426 kc-title-wrap \">\n\n\t<h2 class=\"kc_title\">Nuestras soluciones<\/h2>\n<\/div>\n<div class=\"kc-elm kc-css-43244\" style=\"height: 25px; clear: both; width:100%;\"><\/div><\/div><\/div><\/div><div data-kc-equalheight=\"true\" data-kc-row-action=\"true\" data-kc-equalheight-align=\"middle\" class=\"kc-elm kc-css-688711 kc_row kc_row_inner\"><div class=\"kc-elm kc-css-689946 kc_col-sm-4 kc_column_inner kc_col-sm-4\"><div class=\"kc_wrapper kc-col-inner-container\"><div class=\"kc-elm kc-css-302425 kc_shortcode kc_single_image\">\n\n        <img decoding=\"async\" src=\"https:\/\/madeirasimportadas.com\/wp-content\/uploads\/2020\/07\/Madeiras-e-produtos-madeirasimportadas.jpg\" class=\"\" alt=\"\" \/>    <\/div>\n\n<div class=\"kc-elm kc-css-836311 kc-title-wrap \">\n\n\t<h2 class=\"kc_title\"><a href=\"https:\/\/madeirasimportadas.com\/es\/maderas-y-productos\/\" class=\"kc_title_link\" title=\"Maderas y productos\" target=\"\">Maderas y productos<\/a><\/h2>\n<\/div>\n<\/div><\/div><div class=\"kc-elm kc-css-744709 kc_col-sm-4 kc_column_inner kc_col-sm-4\"><div class=\"kc_wrapper kc-col-inner-container\"><div class=\"kc-elm kc-css-213306 kc_shortcode kc_single_image\">\n\n        <img decoding=\"async\" src=\"https:\/\/madeirasimportadas.com\/wp-content\/uploads\/2020\/07\/Kits-de-Montagem-madeirasimportadas.jpg\" class=\"\" alt=\"\" \/>    <\/div>\n\n<div class=\"kc-elm kc-css-786504 kc-title-wrap \">\n\n\t<h2 class=\"kc_title\"><a href=\"https:\/\/madeirasimportadas.com\/es\/sets-para-montaje\/\" class=\"kc_title_link\" title=\"Sets para montaje\" target=\"\">Sets para montaje<\/a><\/h2>\n<\/div>\n<\/div><\/div><div class=\"kc-elm kc-css-78931 kc_col-sm-4 kc_column_inner kc_col-sm-4\"><div class=\"kc_wrapper kc-col-inner-container\"><div class=\"kc-elm kc-css-520287 kc_shortcode kc_single_image\">\n\n        <img decoding=\"async\" src=\"https:\/\/madeirasimportadas.com\/wp-content\/uploads\/2020\/07\/servicos-madeirasimportadas.jpg\" class=\"\" alt=\"\" \/>    <\/div>\n\n<div class=\"kc-elm kc-css-414916 kc-title-wrap \">\n\n\t<h2 class=\"kc_title\"><a href=\"https:\/\/madeirasimportadas.com\/es\/servicios\/\" class=\"kc_title_link\" title=\"Servicios\" target=\"\">Servicios<\/a><\/h2>\n<\/div>\n<\/div><\/div><\/div><\/div><\/div><\/div><\/div><\/section><section id=\"bbd-home-cta\" class=\"kc-elm kc-css-703572 kc_row\"><div class=\"kc-row-container\"><div class=\"kc-wrap-columns\"><div class=\"kc-elm kc-css-318094 kc_col-sm-12 kc_column kc_col-sm-12\"><div class=\"kc-col-container\"><!--Call To Action-->\n<section class=\"call-to-action-section\" style=\"background-image:url('https:\/\/madeirasimportadas.com\/wp-content\/uploads\/2020\/07\/bkg-cta.jpg')\">\n    <div class=\"auto-container\">\n        <div class=\"row clearfix\">\n            <div class=\"column col-md-9 col-sm-12 col-xs-12\">\n                <div class=\"title\">20 a\u00f1os de experiencia<\/div>\n                <h2>En la comercializaci\u00f3n de maderas y productos\r\n<br>de mantenimiento para estructuras interiores y exteriores.<\/h2>\n            <\/div>\n            <div class=\"btn-column col-md-3 col-sm-12 col-xs-12\">\n                <h3>geral@madeirasimportadas.com<\/h3>\n                <a href=\"https:\/\/madeirasimportadas.com\/es\/contactos\/\" class=\"theme-btn btn-style-six\">Cont\u00e1ctenos<\/a>\n            <\/div>\n        <\/div>\n    <\/div>\n<\/section>\n<!--End Call To Action--><\/div><\/div><\/div><\/div><\/section><\/p>\n","protected":false},"excerpt":{"rendered":"","protected":false},"author":1,"featured_media":0,"parent":0,"menu_order":0,"comment_status":"closed","ping_status":"closed","template":"tpl-king_composer.php","meta":{"footnotes":""},"class_list":["post-865","page","type-page","status-publish","hentry"],"yoast_head":"<!-- This site is optimized with the Yoast SEO plugin v27.5 - https:\/\/yoast.com\/product\/yoast-seo-wordpress\/ -->\n<title>Servicios - Madeiras Importadas<\/title>\n<meta name=\"robots\" content=\"index, follow, max-snippet:-1, max-image-preview:large, max-video-preview:-1\" \/>\n<link rel=\"canonical\" href=\"https:\/\/madeirasimportadas.com\/es\/servicios\/\" \/>\n<meta property=\"og:locale\" content=\"es_ES\" \/>\n<meta property=\"og:type\" content=\"article\" \/>\n<meta property=\"og:title\" content=\"Servicios - Madeiras Importadas\" \/>\n<meta property=\"og:description\" content=\"La madera es sostenible, neutra en CO2 es un aislante muy eficaz, creando excelentes condiciones de vida. Consultor\u00eda y proyectos: Ofrecemos asesoramiento y desarrollamos proyectos de estructuras de madera de peque\u00f1a dimensi\u00f3n. Ayudamos a escoger la madera y hacemos un acompa\u00f1amiento durante la construcci\u00f3n y todo el mantenimiento necesario. Pedir cita previa. Cont\u00e1ctenos Cortes: No\" \/>\n<meta property=\"og:url\" content=\"https:\/\/madeirasimportadas.com\/es\/servicios\/\" \/>\n<meta property=\"og:site_name\" content=\"Madeiras Importadas\" \/>\n<meta property=\"article:publisher\" content=\"https:\/\/www.facebook.com\/Madeiras-Importadas-lda-108412859538382\" \/>\n<meta property=\"article:modified_time\" content=\"2021-11-29T11:14:45+00:00\" \/>\n<meta property=\"og:image\" content=\"https:\/\/madeirasimportadas.com\/wp-content\/uploads\/2020\/07\/Madeiras-e-produtos-madeirasimportadas.jpg\" \/>\n<meta name=\"twitter:card\" content=\"summary_large_image\" \/>\n<meta name=\"twitter:label1\" content=\"Tiempo de lectura\" \/>\n\t<meta name=\"twitter:data1\" content=\"1 minuto\" \/>\n<script type=\"application\/ld+json\" class=\"yoast-schema-graph\">{\"@context\":\"https:\\\/\\\/schema.org\",\"@graph\":[{\"@type\":\"WebPage\",\"@id\":\"https:\\\/\\\/madeirasimportadas.com\\\/es\\\/servicios\\\/\",\"url\":\"https:\\\/\\\/madeirasimportadas.com\\\/es\\\/servicios\\\/\",\"name\":\"Servicios - Madeiras Importadas\",\"isPartOf\":{\"@id\":\"https:\\\/\\\/madeirasimportadas.com\\\/es\\\/#website\"},\"primaryImageOfPage\":{\"@id\":\"https:\\\/\\\/madeirasimportadas.com\\\/es\\\/servicios\\\/#primaryimage\"},\"image\":{\"@id\":\"https:\\\/\\\/madeirasimportadas.com\\\/es\\\/servicios\\\/#primaryimage\"},\"thumbnailUrl\":\"https:\\\/\\\/madeirasimportadas.com\\\/wp-content\\\/uploads\\\/2020\\\/07\\\/Madeiras-e-produtos-madeirasimportadas.jpg\",\"datePublished\":\"2020-10-28T10:44:15+00:00\",\"dateModified\":\"2021-11-29T11:14:45+00:00\",\"breadcrumb\":{\"@id\":\"https:\\\/\\\/madeirasimportadas.com\\\/es\\\/servicios\\\/#breadcrumb\"},\"inLanguage\":\"es\",\"potentialAction\":[{\"@type\":\"ReadAction\",\"target\":[\"https:\\\/\\\/madeirasimportadas.com\\\/es\\\/servicios\\\/\"]}]},{\"@type\":\"ImageObject\",\"inLanguage\":\"es\",\"@id\":\"https:\\\/\\\/madeirasimportadas.com\\\/es\\\/servicios\\\/#primaryimage\",\"url\":\"https:\\\/\\\/madeirasimportadas.com\\\/wp-content\\\/uploads\\\/2020\\\/07\\\/Madeiras-e-produtos-madeirasimportadas.jpg\",\"contentUrl\":\"https:\\\/\\\/madeirasimportadas.com\\\/wp-content\\\/uploads\\\/2020\\\/07\\\/Madeiras-e-produtos-madeirasimportadas.jpg\"},{\"@type\":\"BreadcrumbList\",\"@id\":\"https:\\\/\\\/madeirasimportadas.com\\\/es\\\/servicios\\\/#breadcrumb\",\"itemListElement\":[{\"@type\":\"ListItem\",\"position\":1,\"name\":\"In\u00edcio\",\"item\":\"https:\\\/\\\/madeirasimportadas.com\\\/es\\\/\"},{\"@type\":\"ListItem\",\"position\":2,\"name\":\"Servicios\"}]},{\"@type\":\"WebSite\",\"@id\":\"https:\\\/\\\/madeirasimportadas.com\\\/es\\\/#website\",\"url\":\"https:\\\/\\\/madeirasimportadas.com\\\/es\\\/\",\"name\":\"Madeiras Importadas\",\"description\":\"\",\"potentialAction\":[{\"@type\":\"SearchAction\",\"target\":{\"@type\":\"EntryPoint\",\"urlTemplate\":\"https:\\\/\\\/madeirasimportadas.com\\\/es\\\/?s={search_term_string}\"},\"query-input\":{\"@type\":\"PropertyValueSpecification\",\"valueRequired\":true,\"valueName\":\"search_term_string\"}}],\"inLanguage\":\"es\"}]}<\/script>\n<!-- \/ Yoast SEO plugin. -->","yoast_head_json":{"title":"Servicios - Madeiras Importadas","robots":{"index":"index","follow":"follow","max-snippet":"max-snippet:-1","max-image-preview":"max-image-preview:large","max-video-preview":"max-video-preview:-1"},"canonical":"https:\/\/madeirasimportadas.com\/es\/servicios\/","og_locale":"es_ES","og_type":"article","og_title":"Servicios - Madeiras Importadas","og_description":"La madera es sostenible, neutra en CO2 es un aislante muy eficaz, creando excelentes condiciones de vida. Consultor\u00eda y proyectos: Ofrecemos asesoramiento y desarrollamos proyectos de estructuras de madera de peque\u00f1a dimensi\u00f3n. Ayudamos a escoger la madera y hacemos un acompa\u00f1amiento durante la construcci\u00f3n y todo el mantenimiento necesario. Pedir cita previa. Cont\u00e1ctenos Cortes: No","og_url":"https:\/\/madeirasimportadas.com\/es\/servicios\/","og_site_name":"Madeiras Importadas","article_publisher":"https:\/\/www.facebook.com\/Madeiras-Importadas-lda-108412859538382","article_modified_time":"2021-11-29T11:14:45+00:00","og_image":[{"url":"https:\/\/madeirasimportadas.com\/wp-content\/uploads\/2020\/07\/Madeiras-e-produtos-madeirasimportadas.jpg","type":"","width":"","height":""}],"twitter_card":"summary_large_image","twitter_misc":{"Tiempo de lectura":"1 minuto"},"schema":{"@context":"https:\/\/schema.org","@graph":[{"@type":"WebPage","@id":"https:\/\/madeirasimportadas.com\/es\/servicios\/","url":"https:\/\/madeirasimportadas.com\/es\/servicios\/","name":"Servicios - Madeiras Importadas","isPartOf":{"@id":"https:\/\/madeirasimportadas.com\/es\/#website"},"primaryImageOfPage":{"@id":"https:\/\/madeirasimportadas.com\/es\/servicios\/#primaryimage"},"image":{"@id":"https:\/\/madeirasimportadas.com\/es\/servicios\/#primaryimage"},"thumbnailUrl":"https:\/\/madeirasimportadas.com\/wp-content\/uploads\/2020\/07\/Madeiras-e-produtos-madeirasimportadas.jpg","datePublished":"2020-10-28T10:44:15+00:00","dateModified":"2021-11-29T11:14:45+00:00","breadcrumb":{"@id":"https:\/\/madeirasimportadas.com\/es\/servicios\/#breadcrumb"},"inLanguage":"es","potentialAction":[{"@type":"ReadAction","target":["https:\/\/madeirasimportadas.com\/es\/servicios\/"]}]},{"@type":"ImageObject","inLanguage":"es","@id":"https:\/\/madeirasimportadas.com\/es\/servicios\/#primaryimage","url":"https:\/\/madeirasimportadas.com\/wp-content\/uploads\/2020\/07\/Madeiras-e-produtos-madeirasimportadas.jpg","contentUrl":"https:\/\/madeirasimportadas.com\/wp-content\/uploads\/2020\/07\/Madeiras-e-produtos-madeirasimportadas.jpg"},{"@type":"BreadcrumbList","@id":"https:\/\/madeirasimportadas.com\/es\/servicios\/#breadcrumb","itemListElement":[{"@type":"ListItem","position":1,"name":"In\u00edcio","item":"https:\/\/madeirasimportadas.com\/es\/"},{"@type":"ListItem","position":2,"name":"Servicios"}]},{"@type":"WebSite","@id":"https:\/\/madeirasimportadas.com\/es\/#website","url":"https:\/\/madeirasimportadas.com\/es\/","name":"Madeiras Importadas","description":"","potentialAction":[{"@type":"SearchAction","target":{"@type":"EntryPoint","urlTemplate":"https:\/\/madeirasimportadas.com\/es\/?s={search_term_string}"},"query-input":{"@type":"PropertyValueSpecification","valueRequired":true,"valueName":"search_term_string"}}],"inLanguage":"es"}]}},"_links":{"self":[{"href":"https:\/\/madeirasimportadas.com\/es\/wp-json\/wp\/v2\/pages\/865","targetHints":{"allow":["GET"]}}],"collection":[{"href":"https:\/\/madeirasimportadas.com\/es\/wp-json\/wp\/v2\/pages"}],"about":[{"href":"https:\/\/madeirasimportadas.com\/es\/wp-json\/wp\/v2\/types\/page"}],"author":[{"embeddable":true,"href":"https:\/\/madeirasimportadas.com\/es\/wp-json\/wp\/v2\/users\/1"}],"replies":[{"embeddable":true,"href":"https:\/\/madeirasimportadas.com\/es\/wp-json\/wp\/v2\/comments?post=865"}],"version-history":[{"count":5,"href":"https:\/\/madeirasimportadas.com\/es\/wp-json\/wp\/v2\/pages\/865\/revisions"}],"predecessor-version":[{"id":870,"href":"https:\/\/madeirasimportadas.com\/es\/wp-json\/wp\/v2\/pages\/865\/revisions\/870"}],"wp:attachment":[{"href":"https:\/\/madeirasimportadas.com\/es\/wp-json\/wp\/v2\/media?parent=865"}],"curies":[{"name":"wp","href":"https:\/\/api.w.org\/{rel}","templated":true}]}}