{"id":877,"date":"2020-10-28T11:38:37","date_gmt":"2020-10-28T11:38:37","guid":{"rendered":"https:\/\/madeirasimportadas.com\/faqs\/"},"modified":"2020-10-28T11:38:37","modified_gmt":"2020-10-28T11:38:37","slug":"faqs","status":"publish","type":"page","link":"https:\/\/madeirasimportadas.com\/es\/faqs\/","title":{"rendered":"FAQ&#8217;S"},"content":{"rendered":"<p><section id=\"bbd-faq-row\" class=\"kc-elm kc-css-955695 kc_row\"><div class=\"kc-row-container  kc-container\"><div class=\"kc-wrap-columns\"><div class=\"kc-elm kc-css-689830 kc_col-sm-12 kc_column kc_col-sm-12\"><div class=\"kc-col-container\">  \n   \n                                                                                                 \n<!--Faq Section-->\n<section class=\"faq-section\">\n    <div class=\"auto-container\">\n        <div class=\"sec-title-two\">\n            <h2>Preguntas comunes<\/h2>\n            <div class=\"text\"><\/div>\n        <\/div>\n        <!-- faq Form -->\n        <div class=\"faq-search-box\">\n            <form method=\"get\" action=\"https:\/\/madeirasimportadas.com\/es\/\">\n\t<div class=\"form-group\">\n\t\t<input type=\"search\" name=\"s\" value=\"\" placeholder=\"Busque su respuesta\" required>\n\t\t<button type=\"submit\"><span class=\"icon fa fa-search\"><\/span><\/button>\n\t<\/div>\n<\/form>        <\/div>\n        \n        <div class=\"row clearfix\">\n                                \n            <div class=\"column col-md-6 col-sm-12 col-xs-12\">\n                <!--Accordian Box-->\n                <ul class=\"accordion-box style-two faq\">\n                \t\t\t\t\t\t\t <li class=\"accordion block active-block\">\n\t\t\t\t\t\t\t\t\t\t\t\t\t<div class=\"acc-btn active\"><div class=\"icon-outer\"><span class=\"icon icon-plus fa fa-plus\"><\/span> <span class=\"icon icon-minus fa fa-minus\"><\/span><\/div>\u00bfPor qu\u00e9 es importante secar la madera?<\/div>\n\t\t\t\t\t\t\t\t\t\t\t\t\t<div class=\"acc-content current\">\n\t\t\t\t\t\t\t\t\t\t\t\t\t\t<div class=\"content\">\n\t\t\t\t\t\t\t\t\t\t\t\t\t\t\t<div class=\"text\"><p style=\"text-align: left\">Es esencial secar la madera para poder usarla como material de construcci\u00f3n. La verdad es que para algunas posibles aplicaciones de la madera la cantidad de humedad no es muy importante, como por ejemplo la construcci\u00f3n de vallas, pero para la construcci\u00f3n de estructuras y viviendas es muy importante. En alguna madera la cantidad de humedad puede ser superior a 200 \u0640% y para que sea fiable tiene que tener un TH de aproximadamente 18 %.<\/p>\r\n<p style=\"text-align: left\">La \u00abhumedad de la madera\u00bb se describe como la relaci\u00f3n entre el peso de agua que contiene, y el peso de la madera totalmente seca, es decir, sin nada de agua.<\/p>\r\n<p style=\"text-align: left\">Razones para el proceso de secado de la madera:<\/p>\r\n<p style=\"text-align: left\">1. Reducci\u00f3n del riesgo de hongos y el \u00abbicho de la madera\u00bb (cuando el \u00edndice de humedad es inferior a 20 % es casi inmune a este tipo de ataques), evitando as\u00ed la p\u00e9rdida de valor econ\u00f3mico de la madera;<\/p>\r\n<p style=\"text-align: left\">2. Aumento de la dureza de la madera, es decir, al retirar el agua la materia se vuelve m\u00e1s firme y m\u00e1s resistente;<\/p>\r\n<p style=\"text-align: left\">3. Reducci\u00f3n de la movilidad dimensional de la madera, es decir, todos sabemos que la madera tiende a contraerse a medida que se va secando y se expande a medida que absorbe humedad. Con el secado esta tendencia se reduce considerablemente, as\u00ed como la tendencia para que la madera, como materia prima \u00abviva\u00bb, acompa\u00f1e naturalmente el dise\u00f1o de sus venas y forma;<\/p>\r\n<p style=\"text-align: left\">4. Mejora la tratabilidad. Cuando una pieza de madera tiene una cantidad de humedad inferior al 20 %, es m\u00e1s f\u00e1cil la absorci\u00f3n\/impregnaci\u00f3n de qu\u00edmicos, pinturas o aceites;<\/p>\r\n<p style=\"text-align: left\">5. Aumento de la resistencia mec\u00e1nica. En comparaci\u00f3n con una pieza de madera h\u00fameda, una madera previamente seca presente una mejor\u00eda en lo que se refiere a sus propiedades mec\u00e1nicas, tales como, flexi\u00f3n est\u00e1tica, compresi\u00f3n y dureza;<\/p>\r\n<p style=\"text-align: left\">6. Tratabilidad m\u00e1s sencilla. Una madera seca es m\u00e1s f\u00e1cil de trabajar, por ejemplo, o aplanar o lijar. No solo reduce los costes de la mano de obra, dado que no necesita tanto tiempo para obtener buenos resultados como los propios resultados, sino que los resultados ser\u00e1n de una calidad muy superior;<\/p>\r\n<p style=\"text-align: left\">7. Aumento de la capacidad adherente. Esto hace que el proceso de producci\u00f3n de laminados sea m\u00e1s f\u00e1cil y tambi\u00e9n la aplicaci\u00f3n de otros materiales adherentes;<\/p>\r\n<p style=\"text-align: left\">8. Aumento de la capacidad de fijaci\u00f3n. Colocar tornillos o clavos en piezas secas garantiza una mayor fijaci\u00f3n porque con la madera h\u00fameda los herrajes tienden a aflojarse;<\/p>\r\n<p style=\"text-align: left\">9. Mejora las propiedades de aislamiento natural de la madera. Una madera seca conduce menos calor que una h\u00fameda, adem\u00e1s de aumentar visiblemente sus propiedades de aislamiento el\u00e9ctrico y ac\u00fastico;<\/p>\r\n<p style=\"text-align: left\">10. Reducci\u00f3n de los costes de transporte. Si la madera pierde agua tambi\u00e9n perder\u00e1 peso. As\u00ed puede transportar m\u00e1s m3 de madera de una vez;<\/p><\/div>\n\t\t\t\t\t\t\t\t\t\t\t\t\t\t<\/div>\n\t\t\t\t\t\t\t\t\t\t\t\t\t<\/div>\n\t\t\t\t\t\t\t\t\t\t\t\t<\/li>                      \n                <\/ul>\n                \n            <\/div>\n            \n            <div class=\"column col-md-6 col-sm-12 col-xs-12\">\n                \n                <!--Accordian Box-->\n                <ul class=\"accordion-box style-two faq\">\n                    \t\t\t\t\t\t <li class=\"accordion block\">\n\t\t\t\t\t\t\t\t\t\t\t\t\t<div class=\"acc-btn\"><div class=\"icon-outer\"><span class=\"icon icon-plus fa fa-plus\"><\/span> <span class=\"icon icon-minus fa fa-minus\"><\/span><\/div>Las ventajas de la madera termomodificada<\/div>\n\t\t\t\t\t\t\t\t\t\t\t\t\t<div class=\"acc-content\">\n\t\t\t\t\t\t\t\t\t\t\t\t\t\t<div class=\"content\">\n\t\t\t\t\t\t\t\t\t\t\t\t\t\t\t<div class=\"text\"><p style=\"text-align: left\">- Durabilidad \r\n- Estabilidad dimensional\r\n- Uniformidad del color de la madera\r\n- Proceso 100 % ecol\u00f3gico <\/p>\r\n<p style=\"text-align: left\">\u00abLa termomodificaci\u00f3n es un proceso tecnol\u00f3gicamente avanzado que utiliza solo el calor y el vapor de agua. La madera est\u00e1 sometida a un calentamiento gradual de hasta temperaturas entre los 160\u00baC e 230\u00baC, lo que altera su estructura molecular, volvi\u00e9ndose m\u00e1s resistente y dimensionalmente m\u00e1s estable y d\u00e1ndole as\u00ed propiedades semejantes a las especies tropicales. El tratamiento t\u00e9rmico da a la madera una coloraci\u00f3n en tonos c\u00e1lidos y m\u00e1s oscuros. En el proceso de producci\u00f3n de madera termo modificada no se utilizan compuestos qu\u00edmicos que produzcan un efecto nocivo en el medio ambiente y tampoco se aplica ninguna sustancia en la madera durante el tratamiento. La ausencia total de compuestos qu\u00edmicos preserva la belleza natural de la madera, lo que permite combinarla con innumerables soluciones decorativas.\u00bb<\/p><\/div>\n\t\t\t\t\t\t\t\t\t\t\t\t\t\t<\/div>\n\t\t\t\t\t\t\t\t\t\t\t\t\t<\/div>\n\t\t\t\t\t\t\t\t\t\t\t\t <\/li>                                    <\/ul>\n                \n            <\/div>\n        <\/div>\n        \n    <\/div>\n<\/section>\n<!--End Faq Section-->\n\n<\/div><\/div><\/div><\/div><\/section><section class=\"kc-elm kc-css-361475 kc_row bbd-faq-quest\"><div class=\"kc-row-container\"><div class=\"kc-wrap-columns\"><div class=\"kc-elm kc-css-871803 kc_col-sm-12 kc_column kc_col-sm-12\"><div class=\"kc-col-container\"><!--Faq Form Section-->\n<section class=\"faq-form-section\">\n    <div class=\"auto-container\">\n        <div class=\"sec-title-two\">\n            <h2> \u00bfNo encontraste tu respuesta? H\u00e1ganos su pregunta<\/h2>\n        <\/div>\n        <!--Form Outer-->\n        <div class=\"form-outer\">\n            <!--Faq Form-->\n            <div class=\"faq-form-box\">\n                <!--Contact Form-->\n                \n<div class=\"wpcf7 no-js\" id=\"wpcf7-f899-o1\" lang=\"es-ES\" dir=\"ltr\" data-wpcf7-id=\"899\">\n<div class=\"screen-reader-response\"><p role=\"status\" aria-live=\"polite\" aria-atomic=\"true\"><\/p> <ul><\/ul><\/div>\n<form action=\"\/es\/wp-json\/wp\/v2\/pages\/877#wpcf7-f899-o1\" method=\"post\" class=\"wpcf7-form init\" aria-label=\"Formulario de contacto\" novalidate=\"novalidate\" data-status=\"init\">\n<fieldset class=\"hidden-fields-container\"><input type=\"hidden\" name=\"_wpcf7\" value=\"899\" \/><input type=\"hidden\" name=\"_wpcf7_version\" value=\"6.1.5\" \/><input type=\"hidden\" name=\"_wpcf7_locale\" value=\"es_ES\" \/><input type=\"hidden\" name=\"_wpcf7_unit_tag\" value=\"wpcf7-f899-o1\" \/><input type=\"hidden\" name=\"_wpcf7_container_post\" value=\"0\" \/><input type=\"hidden\" name=\"_wpcf7_posted_data_hash\" value=\"\" \/>\n<\/fieldset>\n<div class=\"form-group\">\n\t<p><span class=\"wpcf7-form-control-wrap\" data-name=\"email-581\"><input size=\"40\" maxlength=\"400\" class=\"wpcf7-form-control wpcf7-email wpcf7-validates-as-required wpcf7-text wpcf7-validates-as-email\" aria-required=\"true\" aria-invalid=\"false\" placeholder=\"Correo electr\u00f3nico*\" value=\"\" type=\"email\" name=\"email-581\" \/><\/span>\n\t<\/p>\n<\/div>\n<div class=\"form-group\">\n\t<p><span class=\"wpcf7-form-control-wrap\" data-name=\"text-453\"><input size=\"40\" maxlength=\"400\" class=\"wpcf7-form-control wpcf7-text wpcf7-validates-as-required\" aria-required=\"true\" aria-invalid=\"false\" placeholder=\"Asunto*\" value=\"\" type=\"text\" name=\"text-453\" \/><\/span>\n\t<\/p>\n<\/div>\n<div class=\"form-group\">\n\t<p><span class=\"wpcf7-form-control-wrap\" data-name=\"textarea-225\"><textarea cols=\"40\" rows=\"10\" maxlength=\"2000\" class=\"wpcf7-form-control wpcf7-textarea\" aria-invalid=\"false\" placeholder=\"Mensaje\" name=\"textarea-225\"><\/textarea><\/span>\n\t<\/p>\n<\/div>\n<div class=\"form-group\" style=\"color:white;\">\n\t<p><span class=\"wpcf7-form-control-wrap wpgdprc\"><span class=\"wpcf7-form-control wpcf7-wpgdprc wpcf7-validates-as-required form-faqs-gdpr\"><span class=\"wpcf7-list-item\"><input type=\"checkbox\" name=\"wpgdprc\" value=\"1\" aria-required=\"true\" aria-invalid=\"false\" \/><span class=\"wpcf7-list-item-label\">Al usar este formulario acepta el almacenamiento y tratamiento de sus datos en esta p\u00e1gina web.<\/span><\/span><\/span>    <\/span>\n\t<\/p>\n\t<p><input class=\"wpcf7-form-control wpcf7-submit has-spinner theme-btn btn-style-four\" type=\"submit\" value=\"Enviar\" \/>\n\t<\/p>\n<\/div><input type='hidden' class='wpcf7-pum' value='{\"closepopup\":false,\"closedelay\":0,\"openpopup\":false,\"openpopup_id\":0}' \/><div class=\"wpcf7-response-output\" aria-hidden=\"true\"><\/div>\n<\/form>\n<\/div>\n            <\/div>\n            <!--End Faq Form-->\n        <\/div>\n        <!--Image Box-->\n        <div class=\"image-box\">\n            <img decoding=\"async\" src=\"https:\/\/madeirasimportadas.com\/wp-content\/uploads\/2020\/07\/transp-pix.png\" alt=\"image\" \/>\n        <\/div>\n        \n    <\/div>\n<\/section><\/div><\/div><\/div><\/div><\/section><\/p>\n","protected":false},"excerpt":{"rendered":"","protected":false},"author":1,"featured_media":0,"parent":0,"menu_order":0,"comment_status":"closed","ping_status":"closed","template":"tpl-king_composer.php","meta":{"footnotes":""},"class_list":["post-877","page","type-page","status-publish","hentry"],"yoast_head":"<!-- This site is optimized with the Yoast SEO plugin v27.5 - https:\/\/yoast.com\/product\/yoast-seo-wordpress\/ -->\n<title>FAQ&#039;S - Madeiras Importadas<\/title>\n<meta name=\"robots\" content=\"index, follow, max-snippet:-1, max-image-preview:large, max-video-preview:-1\" \/>\n<link rel=\"canonical\" href=\"https:\/\/madeirasimportadas.com\/es\/faqs\/\" \/>\n<meta property=\"og:locale\" content=\"es_ES\" \/>\n<meta property=\"og:type\" content=\"article\" \/>\n<meta property=\"og:title\" content=\"FAQ&#039;S - Madeiras Importadas\" \/>\n<meta property=\"og:description\" content=\"Preguntas comunes Por que \u00e9 que a secagem da madeira \u00e9 importante? \u00c9 essencial secar a madeira, para que se possa utilizar como material de constru\u00e7\u00e3o. A verdade \u00e9 que para algumas poss\u00edveis aplica\u00e7\u00f5es da madeira, o teor de humidade \u00e9 pouco importante, como \u00e9 o exemplo da constru\u00e7\u00e3o de cercas, mas para a constru\u00e7\u00e3o\" \/>\n<meta property=\"og:url\" content=\"https:\/\/madeirasimportadas.com\/es\/faqs\/\" \/>\n<meta property=\"og:site_name\" content=\"Madeiras Importadas\" \/>\n<meta property=\"article:publisher\" content=\"https:\/\/www.facebook.com\/Madeiras-Importadas-lda-108412859538382\" \/>\n<meta property=\"og:image\" content=\"https:\/\/madeirasimportadas.com\/wp-content\/uploads\/2020\/07\/transp-pix.png\" \/>\n<meta name=\"twitter:card\" content=\"summary_large_image\" \/>\n<meta name=\"twitter:label1\" content=\"Tiempo de lectura\" \/>\n\t<meta name=\"twitter:data1\" content=\"3 minutos\" \/>\n<script type=\"application\/ld+json\" class=\"yoast-schema-graph\">{\"@context\":\"https:\\\/\\\/schema.org\",\"@graph\":[{\"@type\":\"WebPage\",\"@id\":\"https:\\\/\\\/madeirasimportadas.com\\\/es\\\/faqs\\\/\",\"url\":\"https:\\\/\\\/madeirasimportadas.com\\\/es\\\/faqs\\\/\",\"name\":\"FAQ'S - Madeiras Importadas\",\"isPartOf\":{\"@id\":\"https:\\\/\\\/madeirasimportadas.com\\\/es\\\/#website\"},\"primaryImageOfPage\":{\"@id\":\"https:\\\/\\\/madeirasimportadas.com\\\/es\\\/faqs\\\/#primaryimage\"},\"image\":{\"@id\":\"https:\\\/\\\/madeirasimportadas.com\\\/es\\\/faqs\\\/#primaryimage\"},\"thumbnailUrl\":\"https:\\\/\\\/madeirasimportadas.com\\\/wp-content\\\/uploads\\\/2020\\\/07\\\/transp-pix.png\",\"datePublished\":\"2020-10-28T11:38:37+00:00\",\"breadcrumb\":{\"@id\":\"https:\\\/\\\/madeirasimportadas.com\\\/es\\\/faqs\\\/#breadcrumb\"},\"inLanguage\":\"es\",\"potentialAction\":[{\"@type\":\"ReadAction\",\"target\":[\"https:\\\/\\\/madeirasimportadas.com\\\/es\\\/faqs\\\/\"]}]},{\"@type\":\"ImageObject\",\"inLanguage\":\"es\",\"@id\":\"https:\\\/\\\/madeirasimportadas.com\\\/es\\\/faqs\\\/#primaryimage\",\"url\":\"https:\\\/\\\/madeirasimportadas.com\\\/wp-content\\\/uploads\\\/2020\\\/07\\\/transp-pix.png\",\"contentUrl\":\"https:\\\/\\\/madeirasimportadas.com\\\/wp-content\\\/uploads\\\/2020\\\/07\\\/transp-pix.png\"},{\"@type\":\"BreadcrumbList\",\"@id\":\"https:\\\/\\\/madeirasimportadas.com\\\/es\\\/faqs\\\/#breadcrumb\",\"itemListElement\":[{\"@type\":\"ListItem\",\"position\":1,\"name\":\"In\u00edcio\",\"item\":\"https:\\\/\\\/madeirasimportadas.com\\\/es\\\/\"},{\"@type\":\"ListItem\",\"position\":2,\"name\":\"FAQ&#8217;S\"}]},{\"@type\":\"WebSite\",\"@id\":\"https:\\\/\\\/madeirasimportadas.com\\\/es\\\/#website\",\"url\":\"https:\\\/\\\/madeirasimportadas.com\\\/es\\\/\",\"name\":\"Madeiras Importadas\",\"description\":\"\",\"potentialAction\":[{\"@type\":\"SearchAction\",\"target\":{\"@type\":\"EntryPoint\",\"urlTemplate\":\"https:\\\/\\\/madeirasimportadas.com\\\/es\\\/?s={search_term_string}\"},\"query-input\":{\"@type\":\"PropertyValueSpecification\",\"valueRequired\":true,\"valueName\":\"search_term_string\"}}],\"inLanguage\":\"es\"}]}<\/script>\n<!-- \/ Yoast SEO plugin. -->","yoast_head_json":{"title":"FAQ'S - Madeiras Importadas","robots":{"index":"index","follow":"follow","max-snippet":"max-snippet:-1","max-image-preview":"max-image-preview:large","max-video-preview":"max-video-preview:-1"},"canonical":"https:\/\/madeirasimportadas.com\/es\/faqs\/","og_locale":"es_ES","og_type":"article","og_title":"FAQ'S - Madeiras Importadas","og_description":"Preguntas comunes Por que \u00e9 que a secagem da madeira \u00e9 importante? \u00c9 essencial secar a madeira, para que se possa utilizar como material de constru\u00e7\u00e3o. A verdade \u00e9 que para algumas poss\u00edveis aplica\u00e7\u00f5es da madeira, o teor de humidade \u00e9 pouco importante, como \u00e9 o exemplo da constru\u00e7\u00e3o de cercas, mas para a constru\u00e7\u00e3o","og_url":"https:\/\/madeirasimportadas.com\/es\/faqs\/","og_site_name":"Madeiras Importadas","article_publisher":"https:\/\/www.facebook.com\/Madeiras-Importadas-lda-108412859538382","og_image":[{"url":"https:\/\/madeirasimportadas.com\/wp-content\/uploads\/2020\/07\/transp-pix.png","type":"","width":"","height":""}],"twitter_card":"summary_large_image","twitter_misc":{"Tiempo de lectura":"3 minutos"},"schema":{"@context":"https:\/\/schema.org","@graph":[{"@type":"WebPage","@id":"https:\/\/madeirasimportadas.com\/es\/faqs\/","url":"https:\/\/madeirasimportadas.com\/es\/faqs\/","name":"FAQ'S - Madeiras Importadas","isPartOf":{"@id":"https:\/\/madeirasimportadas.com\/es\/#website"},"primaryImageOfPage":{"@id":"https:\/\/madeirasimportadas.com\/es\/faqs\/#primaryimage"},"image":{"@id":"https:\/\/madeirasimportadas.com\/es\/faqs\/#primaryimage"},"thumbnailUrl":"https:\/\/madeirasimportadas.com\/wp-content\/uploads\/2020\/07\/transp-pix.png","datePublished":"2020-10-28T11:38:37+00:00","breadcrumb":{"@id":"https:\/\/madeirasimportadas.com\/es\/faqs\/#breadcrumb"},"inLanguage":"es","potentialAction":[{"@type":"ReadAction","target":["https:\/\/madeirasimportadas.com\/es\/faqs\/"]}]},{"@type":"ImageObject","inLanguage":"es","@id":"https:\/\/madeirasimportadas.com\/es\/faqs\/#primaryimage","url":"https:\/\/madeirasimportadas.com\/wp-content\/uploads\/2020\/07\/transp-pix.png","contentUrl":"https:\/\/madeirasimportadas.com\/wp-content\/uploads\/2020\/07\/transp-pix.png"},{"@type":"BreadcrumbList","@id":"https:\/\/madeirasimportadas.com\/es\/faqs\/#breadcrumb","itemListElement":[{"@type":"ListItem","position":1,"name":"In\u00edcio","item":"https:\/\/madeirasimportadas.com\/es\/"},{"@type":"ListItem","position":2,"name":"FAQ&#8217;S"}]},{"@type":"WebSite","@id":"https:\/\/madeirasimportadas.com\/es\/#website","url":"https:\/\/madeirasimportadas.com\/es\/","name":"Madeiras Importadas","description":"","potentialAction":[{"@type":"SearchAction","target":{"@type":"EntryPoint","urlTemplate":"https:\/\/madeirasimportadas.com\/es\/?s={search_term_string}"},"query-input":{"@type":"PropertyValueSpecification","valueRequired":true,"valueName":"search_term_string"}}],"inLanguage":"es"}]}},"_links":{"self":[{"href":"https:\/\/madeirasimportadas.com\/es\/wp-json\/wp\/v2\/pages\/877","targetHints":{"allow":["GET"]}}],"collection":[{"href":"https:\/\/madeirasimportadas.com\/es\/wp-json\/wp\/v2\/pages"}],"about":[{"href":"https:\/\/madeirasimportadas.com\/es\/wp-json\/wp\/v2\/types\/page"}],"author":[{"embeddable":true,"href":"https:\/\/madeirasimportadas.com\/es\/wp-json\/wp\/v2\/users\/1"}],"replies":[{"embeddable":true,"href":"https:\/\/madeirasimportadas.com\/es\/wp-json\/wp\/v2\/comments?post=877"}],"version-history":[{"count":1,"href":"https:\/\/madeirasimportadas.com\/es\/wp-json\/wp\/v2\/pages\/877\/revisions"}],"predecessor-version":[{"id":892,"href":"https:\/\/madeirasimportadas.com\/es\/wp-json\/wp\/v2\/pages\/877\/revisions\/892"}],"wp:attachment":[{"href":"https:\/\/madeirasimportadas.com\/es\/wp-json\/wp\/v2\/media?parent=877"}],"curies":[{"name":"wp","href":"https:\/\/api.w.org\/{rel}","templated":true}]}}